{"id":5025,"date":"2024-12-16T12:36:23","date_gmt":"2024-12-16T11:36:23","guid":{"rendered":"https:\/\/www.armadamobility.nl\/producten\/parkautomaten-ueberdachung\/"},"modified":"2025-03-04T13:24:12","modified_gmt":"2025-03-04T12:24:12","slug":"parkautomaten-ueberdachung","status":"publish","type":"product","link":"https:\/\/www.armadamobility.nl\/de\/produkte\/parkautomaten-ueberdachung\/","title":{"rendered":"Parkautomaten-\u00dcberdachung"},"content":{"rendered":"\n<p>\n          <strong>Optimieren Sie Ihr Parkerlebnis mit unserer Parkautomaten-\u00dcberdachung<br\/><\/strong>\n        <\/p>\n\n<p>Die Parkautomaten-\u00dcberdachung, auch bekannt als Parkunterstand, bietet essenziellen Schutz vor Niederschlag und Wind. Dies verl\u00e4ngert nicht nur die Lebensdauer des Parkautomaten, sondern verbessert auch die Benutzererfahrung. Unsere L\u00f6sung ist nicht nur funktional, sondern auch kosteneffizient! Wir \u00fcbernehmen den gesamten Prozess \u2013 von der Planung und Produktion bis zur Installation \u2013 damit Sie vollst\u00e4ndig entlastet sind.     <\/p>\n\n<p><\/p>\n\n<p><strong>Besondere Merkmale unserer Parkautomaten-\u00dcberdachung<br\/><\/strong>\u2022 Kundenspezifische L\u00f6sungen: Wir bieten ma\u00dfgeschneiderte Konstruktionen, die Ihren individuellen Anforderungen entsprechen.<br\/>\u2022 Attraktive Preisgestaltung: Wir garantieren einen wettbewerbsf\u00e4higen Preis f\u00fcr hochwertige Produkte.<br\/>\u2022 Modulare Bauweise: Flexibilit\u00e4t im Design und Anpassung an verschiedene Standorte.<br\/>\u2022 Hochwertige Verarbeitung &amp; langlebige Materialien: F\u00fcr eine lange Lebensdauer und minimale Wartungskosten.Hoogwaardige kwaliteit &amp; duurzame materialen: Voor een lange levensduur en minimale onderhoudskosten.<br\/>\u2022 Schutz vor Niederschlag und Wind: Gew\u00e4hrleistet ein komfortables und sicheres Zahlungserlebnis.<\/p>\n\n<p><strong>Technische Beschreibung der Parkunterstand<br\/><\/strong>Unsere Parkunterst\u00e4nde basieren auf dem <a href=\"https:\/\/www.armadamobility.nl\/en\/producten\/skyline-urban\/\">Skyline Urban <\/a>Warteh\u00e4uschen. Mit einer modularen Bauweise und einem Rasterma\u00df von <strong>1300 mm<\/strong> k\u00f6nnen wir auf Anfrage ein verl\u00e4ngertes Dach liefern, sodass Ihre Kunden beim Bezahlen trocken bleiben. <\/p>\n\n<p><strong>Sie Haben die M\u00f6glichkeit, die Parkunterdachung mit Verschiedenen Funktionen zu Erweitern, Wie Zum Beispiel:<br\/><\/strong>\u2022 Verl\u00e4ngertes Dach<br\/>\u2022 Informationspanel<br\/>\u2022 Logo auf der Scheibe<br\/>\u2022 (Beleuchteter) Kubus auf dem Dach<br\/>\u2022 D\u00e4mmerungsschalter<br\/>\u2022 Bewegungsmelder<br\/>\u2022 Vorgefertigte Kamera\u00fcberwachung<br\/><\/p>\n\n<p><strong>Kosten der Parkautomaten-\u00dcberdachung<br\/><\/strong>Interessieren Sie sich f\u00fcr die Kosten einer Park\u00fcberdachung? Kontaktieren Sie uns gerne f\u00fcr ein unverbindliches Angebot.  <\/p>\n\n<p><strong>Ma\u00dfgeschneiderte L\u00f6sungen<br\/><\/strong>Neben den gezeigten Modellen bieten wir auch speziell entworfene Bushaltestellen, ma\u00dfgefertigte \u00dcberdachungen oder einzigartige Wartehallen an. Bei <a href=\"https:\/\/www.armadamobility.nl\/de\/product-hoofdgroep\/massgeschneiderte-loesungen-und-engineering\/\">Ma\u00dfanfertigungen <\/a>stehen Ihre W\u00fcnsche im Mittelpunkt. Das Design, die Abmessungen, die Farbe und die Anordnung der \u00dcberdachung oder des Wartebereichs werden vollst\u00e4ndig auf Ihre Anforderungen abgestimmt.     <\/p>\n\n<p><\/p>\n","protected":false},"excerpt":{"rendered":"<p>Optimieren Sie Ihr Parkerlebnis mit unserer Parkautomaten-\u00dcberdachung Die Parkautomaten-\u00dcberdachung, auch bekannt als Parkunterstand, bietet essenziellen Schutz vor Niederschlag und Wind. Dies verl\u00e4ngert nicht nur die Lebensdauer des Parkautomaten, sondern verbessert auch die Benutzererfahrung. Unsere L\u00f6sung ist nicht nur funktional, sondern auch kosteneffizient! Wir \u00fcbernehmen den gesamten Prozess \u2013 von der Planung und Produktion bis zur [&hellip;]<\/p>\n","protected":false},"featured_media":2952,"parent":0,"template":"","class_list":["post-5025","product","type-product","status-publish","has-post-thumbnail","hentry"],"yoast_head":"<!-- This site is optimized with the Yoast SEO plugin v27.3 - https:\/\/yoast.com\/product\/yoast-seo-wordpress\/ -->\n<title>Parkautomaten-\u00dcberdachung | Armada Mobility<\/title>\n<meta name=\"robots\" content=\"index, follow, max-snippet:-1, max-image-preview:large, max-video-preview:-1\" \/>\n<link rel=\"canonical\" href=\"https:\/\/www.armadamobility.nl\/de\/producten\/parkautomaten-ueberdachung\/\" \/>\n<meta property=\"og:locale\" content=\"de_DE\" \/>\n<meta property=\"og:type\" content=\"article\" \/>\n<meta property=\"og:title\" content=\"Parkautomaten-\u00dcberdachung | Armada Mobility\" \/>\n<meta property=\"og:description\" content=\"Optimieren Sie Ihr Parkerlebnis mit unserer Parkautomaten-\u00dcberdachung Die Parkautomaten-\u00dcberdachung, auch bekannt als Parkunterstand, bietet essenziellen Schutz vor Niederschlag und Wind. Dies verl\u00e4ngert nicht nur die Lebensdauer des Parkautomaten, sondern verbessert auch die Benutzererfahrung. Unsere L\u00f6sung ist nicht nur funktional, sondern auch kosteneffizient! Wir \u00fcbernehmen den gesamten Prozess \u2013 von der Planung und Produktion bis zur [&hellip;]\" \/>\n<meta property=\"og:url\" content=\"https:\/\/www.armadamobility.nl\/de\/producten\/parkautomaten-ueberdachung\/\" \/>\n<meta property=\"og:site_name\" content=\"Armada Mobility\" \/>\n<meta property=\"article:modified_time\" content=\"2025-03-04T12:24:12+00:00\" \/>\n<meta property=\"og:image\" content=\"https:\/\/www.armadamobility.nl\/wp-content\/uploads\/2024\/12\/parkeerabri.jpeg\" \/>\n\t<meta property=\"og:image:width\" content=\"930\" \/>\n\t<meta property=\"og:image:height\" content=\"697\" \/>\n\t<meta property=\"og:image:type\" content=\"image\/jpeg\" \/>\n<meta name=\"twitter:card\" content=\"summary_large_image\" \/>\n<meta name=\"twitter:label1\" content=\"Gesch\u00e4tzte Lesezeit\" \/>\n\t<meta name=\"twitter:data1\" content=\"1\u00a0Minute\" \/>\n<script type=\"application\/ld+json\" class=\"yoast-schema-graph\">{\"@context\":\"https:\\\/\\\/schema.org\",\"@graph\":[{\"@type\":\"WebPage\",\"@id\":\"https:\\\/\\\/www.armadamobility.nl\\\/de\\\/producten\\\/parkautomaten-ueberdachung\\\/\",\"url\":\"https:\\\/\\\/www.armadamobility.nl\\\/de\\\/producten\\\/parkautomaten-ueberdachung\\\/\",\"name\":\"Parkautomaten-\u00dcberdachung | Armada Mobility\",\"isPartOf\":{\"@id\":\"https:\\\/\\\/www.armadamobility.nl\\\/#website\"},\"primaryImageOfPage\":{\"@id\":\"https:\\\/\\\/www.armadamobility.nl\\\/de\\\/producten\\\/parkautomaten-ueberdachung\\\/#primaryimage\"},\"image\":{\"@id\":\"https:\\\/\\\/www.armadamobility.nl\\\/de\\\/producten\\\/parkautomaten-ueberdachung\\\/#primaryimage\"},\"thumbnailUrl\":\"https:\\\/\\\/www.armadamobility.nl\\\/wp-content\\\/uploads\\\/2024\\\/12\\\/parkeerabri.jpeg\",\"datePublished\":\"2024-12-16T11:36:23+00:00\",\"dateModified\":\"2025-03-04T12:24:12+00:00\",\"breadcrumb\":{\"@id\":\"https:\\\/\\\/www.armadamobility.nl\\\/de\\\/producten\\\/parkautomaten-ueberdachung\\\/#breadcrumb\"},\"inLanguage\":\"de\",\"potentialAction\":[{\"@type\":\"ReadAction\",\"target\":[\"https:\\\/\\\/www.armadamobility.nl\\\/de\\\/producten\\\/parkautomaten-ueberdachung\\\/\"]}]},{\"@type\":\"ImageObject\",\"inLanguage\":\"de\",\"@id\":\"https:\\\/\\\/www.armadamobility.nl\\\/de\\\/producten\\\/parkautomaten-ueberdachung\\\/#primaryimage\",\"url\":\"https:\\\/\\\/www.armadamobility.nl\\\/wp-content\\\/uploads\\\/2024\\\/12\\\/parkeerabri.jpeg\",\"contentUrl\":\"https:\\\/\\\/www.armadamobility.nl\\\/wp-content\\\/uploads\\\/2024\\\/12\\\/parkeerabri.jpeg\",\"width\":930,\"height\":697},{\"@type\":\"BreadcrumbList\",\"@id\":\"https:\\\/\\\/www.armadamobility.nl\\\/de\\\/producten\\\/parkautomaten-ueberdachung\\\/#breadcrumb\",\"itemListElement\":[{\"@type\":\"ListItem\",\"position\":1,\"name\":\"Home\",\"item\":\"https:\\\/\\\/www.armadamobility.nl\\\/\"},{\"@type\":\"ListItem\",\"position\":2,\"name\":\"Producten\",\"item\":\"https:\\\/\\\/www.armadamobility.nl\\\/producten\\\/\"},{\"@type\":\"ListItem\",\"position\":3,\"name\":\"Parkautomaten-\u00dcberdachung\"}]},{\"@type\":\"WebSite\",\"@id\":\"https:\\\/\\\/www.armadamobility.nl\\\/#website\",\"url\":\"https:\\\/\\\/www.armadamobility.nl\\\/\",\"name\":\"Armada Mobility\",\"description\":\"Openbare voorzieningen &amp; Rail-Infra\",\"publisher\":{\"@id\":\"https:\\\/\\\/www.armadamobility.nl\\\/#organization\"},\"potentialAction\":[{\"@type\":\"SearchAction\",\"target\":{\"@type\":\"EntryPoint\",\"urlTemplate\":\"https:\\\/\\\/www.armadamobility.nl\\\/?s={search_term_string}\"},\"query-input\":{\"@type\":\"PropertyValueSpecification\",\"valueRequired\":true,\"valueName\":\"search_term_string\"}}],\"inLanguage\":\"de\"},{\"@type\":\"Organization\",\"@id\":\"https:\\\/\\\/www.armadamobility.nl\\\/#organization\",\"name\":\"Armada Mobility B.V.\",\"url\":\"https:\\\/\\\/www.armadamobility.nl\\\/\",\"logo\":{\"@type\":\"ImageObject\",\"inLanguage\":\"de\",\"@id\":\"https:\\\/\\\/www.armadamobility.nl\\\/#\\\/schema\\\/logo\\\/image\\\/\",\"url\":\"https:\\\/\\\/www.armadamobility.nl\\\/wp-content\\\/uploads\\\/2024\\\/09\\\/Logo-armada-mobility.svg\",\"contentUrl\":\"https:\\\/\\\/www.armadamobility.nl\\\/wp-content\\\/uploads\\\/2024\\\/09\\\/Logo-armada-mobility.svg\",\"width\":1699.5,\"height\":303.8,\"caption\":\"Armada Mobility B.V.\"},\"image\":{\"@id\":\"https:\\\/\\\/www.armadamobility.nl\\\/#\\\/schema\\\/logo\\\/image\\\/\"}}]}<\/script>\n<!-- \/ Yoast SEO plugin. -->","yoast_head_json":{"title":"Parkautomaten-\u00dcberdachung | Armada Mobility","robots":{"index":"index","follow":"follow","max-snippet":"max-snippet:-1","max-image-preview":"max-image-preview:large","max-video-preview":"max-video-preview:-1"},"canonical":"https:\/\/www.armadamobility.nl\/de\/producten\/parkautomaten-ueberdachung\/","og_locale":"de_DE","og_type":"article","og_title":"Parkautomaten-\u00dcberdachung | Armada Mobility","og_description":"Optimieren Sie Ihr Parkerlebnis mit unserer Parkautomaten-\u00dcberdachung Die Parkautomaten-\u00dcberdachung, auch bekannt als Parkunterstand, bietet essenziellen Schutz vor Niederschlag und Wind. Dies verl\u00e4ngert nicht nur die Lebensdauer des Parkautomaten, sondern verbessert auch die Benutzererfahrung. Unsere L\u00f6sung ist nicht nur funktional, sondern auch kosteneffizient! Wir \u00fcbernehmen den gesamten Prozess \u2013 von der Planung und Produktion bis zur [&hellip;]","og_url":"https:\/\/www.armadamobility.nl\/de\/producten\/parkautomaten-ueberdachung\/","og_site_name":"Armada Mobility","article_modified_time":"2025-03-04T12:24:12+00:00","og_image":[{"width":930,"height":697,"url":"https:\/\/www.armadamobility.nl\/wp-content\/uploads\/2024\/12\/parkeerabri.jpeg","type":"image\/jpeg"}],"twitter_card":"summary_large_image","twitter_misc":{"Gesch\u00e4tzte Lesezeit":"1\u00a0Minute"},"schema":{"@context":"https:\/\/schema.org","@graph":[{"@type":"WebPage","@id":"https:\/\/www.armadamobility.nl\/de\/producten\/parkautomaten-ueberdachung\/","url":"https:\/\/www.armadamobility.nl\/de\/producten\/parkautomaten-ueberdachung\/","name":"Parkautomaten-\u00dcberdachung | Armada Mobility","isPartOf":{"@id":"https:\/\/www.armadamobility.nl\/#website"},"primaryImageOfPage":{"@id":"https:\/\/www.armadamobility.nl\/de\/producten\/parkautomaten-ueberdachung\/#primaryimage"},"image":{"@id":"https:\/\/www.armadamobility.nl\/de\/producten\/parkautomaten-ueberdachung\/#primaryimage"},"thumbnailUrl":"https:\/\/www.armadamobility.nl\/wp-content\/uploads\/2024\/12\/parkeerabri.jpeg","datePublished":"2024-12-16T11:36:23+00:00","dateModified":"2025-03-04T12:24:12+00:00","breadcrumb":{"@id":"https:\/\/www.armadamobility.nl\/de\/producten\/parkautomaten-ueberdachung\/#breadcrumb"},"inLanguage":"de","potentialAction":[{"@type":"ReadAction","target":["https:\/\/www.armadamobility.nl\/de\/producten\/parkautomaten-ueberdachung\/"]}]},{"@type":"ImageObject","inLanguage":"de","@id":"https:\/\/www.armadamobility.nl\/de\/producten\/parkautomaten-ueberdachung\/#primaryimage","url":"https:\/\/www.armadamobility.nl\/wp-content\/uploads\/2024\/12\/parkeerabri.jpeg","contentUrl":"https:\/\/www.armadamobility.nl\/wp-content\/uploads\/2024\/12\/parkeerabri.jpeg","width":930,"height":697},{"@type":"BreadcrumbList","@id":"https:\/\/www.armadamobility.nl\/de\/producten\/parkautomaten-ueberdachung\/#breadcrumb","itemListElement":[{"@type":"ListItem","position":1,"name":"Home","item":"https:\/\/www.armadamobility.nl\/"},{"@type":"ListItem","position":2,"name":"Producten","item":"https:\/\/www.armadamobility.nl\/producten\/"},{"@type":"ListItem","position":3,"name":"Parkautomaten-\u00dcberdachung"}]},{"@type":"WebSite","@id":"https:\/\/www.armadamobility.nl\/#website","url":"https:\/\/www.armadamobility.nl\/","name":"Armada Mobility","description":"Openbare voorzieningen &amp; Rail-Infra","publisher":{"@id":"https:\/\/www.armadamobility.nl\/#organization"},"potentialAction":[{"@type":"SearchAction","target":{"@type":"EntryPoint","urlTemplate":"https:\/\/www.armadamobility.nl\/?s={search_term_string}"},"query-input":{"@type":"PropertyValueSpecification","valueRequired":true,"valueName":"search_term_string"}}],"inLanguage":"de"},{"@type":"Organization","@id":"https:\/\/www.armadamobility.nl\/#organization","name":"Armada Mobility B.V.","url":"https:\/\/www.armadamobility.nl\/","logo":{"@type":"ImageObject","inLanguage":"de","@id":"https:\/\/www.armadamobility.nl\/#\/schema\/logo\/image\/","url":"https:\/\/www.armadamobility.nl\/wp-content\/uploads\/2024\/09\/Logo-armada-mobility.svg","contentUrl":"https:\/\/www.armadamobility.nl\/wp-content\/uploads\/2024\/09\/Logo-armada-mobility.svg","width":1699.5,"height":303.8,"caption":"Armada Mobility B.V."},"image":{"@id":"https:\/\/www.armadamobility.nl\/#\/schema\/logo\/image\/"}}]}},"_links":{"self":[{"href":"https:\/\/www.armadamobility.nl\/de\/wp-json\/wp\/v2\/product\/5025","targetHints":{"allow":["GET"]}}],"collection":[{"href":"https:\/\/www.armadamobility.nl\/de\/wp-json\/wp\/v2\/product"}],"about":[{"href":"https:\/\/www.armadamobility.nl\/de\/wp-json\/wp\/v2\/types\/product"}],"version-history":[{"count":2,"href":"https:\/\/www.armadamobility.nl\/de\/wp-json\/wp\/v2\/product\/5025\/revisions"}],"predecessor-version":[{"id":5358,"href":"https:\/\/www.armadamobility.nl\/de\/wp-json\/wp\/v2\/product\/5025\/revisions\/5358"}],"wp:featuredmedia":[{"embeddable":true,"href":"https:\/\/www.armadamobility.nl\/de\/wp-json\/wp\/v2\/media\/2952"}],"wp:attachment":[{"href":"https:\/\/www.armadamobility.nl\/de\/wp-json\/wp\/v2\/media?parent=5025"}],"curies":[{"name":"wp","href":"https:\/\/api.w.org\/{rel}","templated":true}]}}