{"id":5009,"date":"2024-10-03T13:43:49","date_gmt":"2024-10-03T12:43:49","guid":{"rendered":"https:\/\/www.armadamobility.nl\/producten\/fahrradueberdachung-landscape\/"},"modified":"2024-10-03T13:43:49","modified_gmt":"2024-10-03T12:43:49","slug":"fahrradueberdachung-landscape","status":"publish","type":"product","link":"https:\/\/www.armadamobility.nl\/de\/produkte\/fahrradueberdachung-landscape\/","title":{"rendered":"Fahrrad\u00fcberdachung Landscape"},"content":{"rendered":"<p><strong>Die Landscape-\u00dcberdachung besticht durch ihr modernes, innovatives und transparentes Design.<br \/><\/strong><\/p>\n<ul>\n<li>Modulares Design<\/li>\n<li>Rasterma\u00df: 4.215 mm<\/li>\n<li>Integrierte Regenrinne<\/li>\n<li>Hintere Pfosten: 120 x 120 mm<\/li>\n<li>Flache vordere Pfosten f\u00fcr bessere Zug\u00e4nglichkeit<\/li>\n<li>Vordere Pfosten: 120 x 60 mm<\/li>\n<li>Erkennbares Fahrradsymbol auf der Seitenwand<\/li>\n<li>Seitenw\u00e4nde: 8 mm klares, geh\u00e4rtetes Glas<\/li>\n<li>Erh\u00e4ltlich als einseitige oder doppelseitige Variante<\/li>\n<li>Optionale R\u00fcckwand aus Gitter<\/li>\n<li>Aluminium-Pfosten und Dachkante<\/li>\n<li>Erh\u00e4ltlich in verschiedenen RAL-Farben<\/li>\n<\/ul>\n<p>Die Sitzb\u00e4nke bestehen aus nachhaltigem, hitzegepresstem Bambus, der bei allen Temperaturen angenehm bleibt.<\/p>\n<p>Viele unserer \u00dcberdachungen werden mit unseren HY-Fahrradb\u00fcgeln kombiniert, was eine stilvolle und praktische L\u00f6sung darstellt.<br \/>Wir bieten einen umfassenden Service, von <a href=\"https:\/\/www.armadamobility.nl\/product-hoofdgroep\/maatwerk-en-engineering\/\">Planung<\/a> \u00fcber Produktion bis hin zur Installation. <\/p>\n<p>Setzen Sie auf Qualit\u00e4t und Komfort mit der Fahrrad\u00fcberdachung Landscape!<\/p>\n","protected":false},"excerpt":{"rendered":"<p>Die Landscape-\u00dcberdachung besticht durch ihr modernes, innovatives und transparentes Design. Modulares Design Rasterma\u00df: 4.215 mm Integrierte Regenrinne Hintere Pfosten: 120 x 120 mm Flache vordere Pfosten f\u00fcr bessere Zug\u00e4nglichkeit Vordere Pfosten: 120 x 60 mm Erkennbares Fahrradsymbol auf der Seitenwand Seitenw\u00e4nde: 8 mm klares, geh\u00e4rtetes Glas Erh\u00e4ltlich als einseitige oder doppelseitige Variante Optionale R\u00fcckwand aus [&hellip;]<\/p>\n","protected":false},"featured_media":2768,"parent":0,"template":"","class_list":["post-5009","product","type-product","status-publish","has-post-thumbnail","hentry"],"yoast_head":"<!-- This site is optimized with the Yoast SEO plugin v27.3 - https:\/\/yoast.com\/product\/yoast-seo-wordpress\/ -->\n<title>Fahrrad\u00fcberdachung Landscape | Armada Mobility<\/title>\n<meta name=\"robots\" content=\"index, follow, max-snippet:-1, max-image-preview:large, max-video-preview:-1\" \/>\n<link rel=\"canonical\" href=\"https:\/\/www.armadamobility.nl\/de\/producten\/fahrradueberdachung-landscape\/\" \/>\n<meta property=\"og:locale\" content=\"de_DE\" \/>\n<meta property=\"og:type\" content=\"article\" \/>\n<meta property=\"og:title\" content=\"Fahrrad\u00fcberdachung Landscape | Armada Mobility\" \/>\n<meta property=\"og:description\" content=\"Die Landscape-\u00dcberdachung besticht durch ihr modernes, innovatives und transparentes Design. Modulares Design Rasterma\u00df: 4.215 mm Integrierte Regenrinne Hintere Pfosten: 120 x 120 mm Flache vordere Pfosten f\u00fcr bessere Zug\u00e4nglichkeit Vordere Pfosten: 120 x 60 mm Erkennbares Fahrradsymbol auf der Seitenwand Seitenw\u00e4nde: 8 mm klares, geh\u00e4rtetes Glas Erh\u00e4ltlich als einseitige oder doppelseitige Variante Optionale R\u00fcckwand aus [&hellip;]\" \/>\n<meta property=\"og:url\" content=\"https:\/\/www.armadamobility.nl\/de\/producten\/fahrradueberdachung-landscape\/\" \/>\n<meta property=\"og:site_name\" content=\"Armada Mobility\" \/>\n<meta property=\"og:image\" content=\"https:\/\/www.armadamobility.nl\/wp-content\/uploads\/2024\/09\/landscape-fietsoverkapping.jpg\" \/>\n\t<meta property=\"og:image:width\" content=\"769\" \/>\n\t<meta property=\"og:image:height\" content=\"550\" \/>\n\t<meta property=\"og:image:type\" content=\"image\/jpeg\" \/>\n<meta name=\"twitter:card\" content=\"summary_large_image\" \/>\n<meta name=\"twitter:label1\" content=\"Gesch\u00e4tzte Lesezeit\" \/>\n\t<meta name=\"twitter:data1\" content=\"1\u00a0Minute\" \/>\n<script type=\"application\/ld+json\" class=\"yoast-schema-graph\">{\"@context\":\"https:\\\/\\\/schema.org\",\"@graph\":[{\"@type\":\"WebPage\",\"@id\":\"https:\\\/\\\/www.armadamobility.nl\\\/de\\\/producten\\\/fahrradueberdachung-landscape\\\/\",\"url\":\"https:\\\/\\\/www.armadamobility.nl\\\/de\\\/producten\\\/fahrradueberdachung-landscape\\\/\",\"name\":\"Fahrrad\u00fcberdachung Landscape | Armada Mobility\",\"isPartOf\":{\"@id\":\"https:\\\/\\\/www.armadamobility.nl\\\/#website\"},\"primaryImageOfPage\":{\"@id\":\"https:\\\/\\\/www.armadamobility.nl\\\/de\\\/producten\\\/fahrradueberdachung-landscape\\\/#primaryimage\"},\"image\":{\"@id\":\"https:\\\/\\\/www.armadamobility.nl\\\/de\\\/producten\\\/fahrradueberdachung-landscape\\\/#primaryimage\"},\"thumbnailUrl\":\"https:\\\/\\\/www.armadamobility.nl\\\/wp-content\\\/uploads\\\/2024\\\/09\\\/landscape-fietsoverkapping.jpg\",\"datePublished\":\"2024-10-03T12:43:49+00:00\",\"breadcrumb\":{\"@id\":\"https:\\\/\\\/www.armadamobility.nl\\\/de\\\/producten\\\/fahrradueberdachung-landscape\\\/#breadcrumb\"},\"inLanguage\":\"de\",\"potentialAction\":[{\"@type\":\"ReadAction\",\"target\":[\"https:\\\/\\\/www.armadamobility.nl\\\/de\\\/producten\\\/fahrradueberdachung-landscape\\\/\"]}]},{\"@type\":\"ImageObject\",\"inLanguage\":\"de\",\"@id\":\"https:\\\/\\\/www.armadamobility.nl\\\/de\\\/producten\\\/fahrradueberdachung-landscape\\\/#primaryimage\",\"url\":\"https:\\\/\\\/www.armadamobility.nl\\\/wp-content\\\/uploads\\\/2024\\\/09\\\/landscape-fietsoverkapping.jpg\",\"contentUrl\":\"https:\\\/\\\/www.armadamobility.nl\\\/wp-content\\\/uploads\\\/2024\\\/09\\\/landscape-fietsoverkapping.jpg\",\"width\":769,\"height\":550},{\"@type\":\"BreadcrumbList\",\"@id\":\"https:\\\/\\\/www.armadamobility.nl\\\/de\\\/producten\\\/fahrradueberdachung-landscape\\\/#breadcrumb\",\"itemListElement\":[{\"@type\":\"ListItem\",\"position\":1,\"name\":\"Home\",\"item\":\"https:\\\/\\\/www.armadamobility.nl\\\/\"},{\"@type\":\"ListItem\",\"position\":2,\"name\":\"Producten\",\"item\":\"https:\\\/\\\/www.armadamobility.nl\\\/producten\\\/\"},{\"@type\":\"ListItem\",\"position\":3,\"name\":\"Fahrrad\u00fcberdachung Landscape\"}]},{\"@type\":\"WebSite\",\"@id\":\"https:\\\/\\\/www.armadamobility.nl\\\/#website\",\"url\":\"https:\\\/\\\/www.armadamobility.nl\\\/\",\"name\":\"Armada Mobility\",\"description\":\"Openbare voorzieningen &amp; Rail-Infra\",\"publisher\":{\"@id\":\"https:\\\/\\\/www.armadamobility.nl\\\/#organization\"},\"potentialAction\":[{\"@type\":\"SearchAction\",\"target\":{\"@type\":\"EntryPoint\",\"urlTemplate\":\"https:\\\/\\\/www.armadamobility.nl\\\/?s={search_term_string}\"},\"query-input\":{\"@type\":\"PropertyValueSpecification\",\"valueRequired\":true,\"valueName\":\"search_term_string\"}}],\"inLanguage\":\"de\"},{\"@type\":\"Organization\",\"@id\":\"https:\\\/\\\/www.armadamobility.nl\\\/#organization\",\"name\":\"Armada Mobility B.V.\",\"url\":\"https:\\\/\\\/www.armadamobility.nl\\\/\",\"logo\":{\"@type\":\"ImageObject\",\"inLanguage\":\"de\",\"@id\":\"https:\\\/\\\/www.armadamobility.nl\\\/#\\\/schema\\\/logo\\\/image\\\/\",\"url\":\"https:\\\/\\\/www.armadamobility.nl\\\/wp-content\\\/uploads\\\/2024\\\/09\\\/Logo-armada-mobility.svg\",\"contentUrl\":\"https:\\\/\\\/www.armadamobility.nl\\\/wp-content\\\/uploads\\\/2024\\\/09\\\/Logo-armada-mobility.svg\",\"width\":1699.5,\"height\":303.8,\"caption\":\"Armada Mobility B.V.\"},\"image\":{\"@id\":\"https:\\\/\\\/www.armadamobility.nl\\\/#\\\/schema\\\/logo\\\/image\\\/\"}}]}<\/script>\n<!-- \/ Yoast SEO plugin. -->","yoast_head_json":{"title":"Fahrrad\u00fcberdachung Landscape | Armada Mobility","robots":{"index":"index","follow":"follow","max-snippet":"max-snippet:-1","max-image-preview":"max-image-preview:large","max-video-preview":"max-video-preview:-1"},"canonical":"https:\/\/www.armadamobility.nl\/de\/producten\/fahrradueberdachung-landscape\/","og_locale":"de_DE","og_type":"article","og_title":"Fahrrad\u00fcberdachung Landscape | Armada Mobility","og_description":"Die Landscape-\u00dcberdachung besticht durch ihr modernes, innovatives und transparentes Design. Modulares Design Rasterma\u00df: 4.215 mm Integrierte Regenrinne Hintere Pfosten: 120 x 120 mm Flache vordere Pfosten f\u00fcr bessere Zug\u00e4nglichkeit Vordere Pfosten: 120 x 60 mm Erkennbares Fahrradsymbol auf der Seitenwand Seitenw\u00e4nde: 8 mm klares, geh\u00e4rtetes Glas Erh\u00e4ltlich als einseitige oder doppelseitige Variante Optionale R\u00fcckwand aus [&hellip;]","og_url":"https:\/\/www.armadamobility.nl\/de\/producten\/fahrradueberdachung-landscape\/","og_site_name":"Armada Mobility","og_image":[{"width":769,"height":550,"url":"https:\/\/www.armadamobility.nl\/wp-content\/uploads\/2024\/09\/landscape-fietsoverkapping.jpg","type":"image\/jpeg"}],"twitter_card":"summary_large_image","twitter_misc":{"Gesch\u00e4tzte Lesezeit":"1\u00a0Minute"},"schema":{"@context":"https:\/\/schema.org","@graph":[{"@type":"WebPage","@id":"https:\/\/www.armadamobility.nl\/de\/producten\/fahrradueberdachung-landscape\/","url":"https:\/\/www.armadamobility.nl\/de\/producten\/fahrradueberdachung-landscape\/","name":"Fahrrad\u00fcberdachung Landscape | Armada Mobility","isPartOf":{"@id":"https:\/\/www.armadamobility.nl\/#website"},"primaryImageOfPage":{"@id":"https:\/\/www.armadamobility.nl\/de\/producten\/fahrradueberdachung-landscape\/#primaryimage"},"image":{"@id":"https:\/\/www.armadamobility.nl\/de\/producten\/fahrradueberdachung-landscape\/#primaryimage"},"thumbnailUrl":"https:\/\/www.armadamobility.nl\/wp-content\/uploads\/2024\/09\/landscape-fietsoverkapping.jpg","datePublished":"2024-10-03T12:43:49+00:00","breadcrumb":{"@id":"https:\/\/www.armadamobility.nl\/de\/producten\/fahrradueberdachung-landscape\/#breadcrumb"},"inLanguage":"de","potentialAction":[{"@type":"ReadAction","target":["https:\/\/www.armadamobility.nl\/de\/producten\/fahrradueberdachung-landscape\/"]}]},{"@type":"ImageObject","inLanguage":"de","@id":"https:\/\/www.armadamobility.nl\/de\/producten\/fahrradueberdachung-landscape\/#primaryimage","url":"https:\/\/www.armadamobility.nl\/wp-content\/uploads\/2024\/09\/landscape-fietsoverkapping.jpg","contentUrl":"https:\/\/www.armadamobility.nl\/wp-content\/uploads\/2024\/09\/landscape-fietsoverkapping.jpg","width":769,"height":550},{"@type":"BreadcrumbList","@id":"https:\/\/www.armadamobility.nl\/de\/producten\/fahrradueberdachung-landscape\/#breadcrumb","itemListElement":[{"@type":"ListItem","position":1,"name":"Home","item":"https:\/\/www.armadamobility.nl\/"},{"@type":"ListItem","position":2,"name":"Producten","item":"https:\/\/www.armadamobility.nl\/producten\/"},{"@type":"ListItem","position":3,"name":"Fahrrad\u00fcberdachung Landscape"}]},{"@type":"WebSite","@id":"https:\/\/www.armadamobility.nl\/#website","url":"https:\/\/www.armadamobility.nl\/","name":"Armada Mobility","description":"Openbare voorzieningen &amp; Rail-Infra","publisher":{"@id":"https:\/\/www.armadamobility.nl\/#organization"},"potentialAction":[{"@type":"SearchAction","target":{"@type":"EntryPoint","urlTemplate":"https:\/\/www.armadamobility.nl\/?s={search_term_string}"},"query-input":{"@type":"PropertyValueSpecification","valueRequired":true,"valueName":"search_term_string"}}],"inLanguage":"de"},{"@type":"Organization","@id":"https:\/\/www.armadamobility.nl\/#organization","name":"Armada Mobility B.V.","url":"https:\/\/www.armadamobility.nl\/","logo":{"@type":"ImageObject","inLanguage":"de","@id":"https:\/\/www.armadamobility.nl\/#\/schema\/logo\/image\/","url":"https:\/\/www.armadamobility.nl\/wp-content\/uploads\/2024\/09\/Logo-armada-mobility.svg","contentUrl":"https:\/\/www.armadamobility.nl\/wp-content\/uploads\/2024\/09\/Logo-armada-mobility.svg","width":1699.5,"height":303.8,"caption":"Armada Mobility B.V."},"image":{"@id":"https:\/\/www.armadamobility.nl\/#\/schema\/logo\/image\/"}}]}},"_links":{"self":[{"href":"https:\/\/www.armadamobility.nl\/de\/wp-json\/wp\/v2\/product\/5009","targetHints":{"allow":["GET"]}}],"collection":[{"href":"https:\/\/www.armadamobility.nl\/de\/wp-json\/wp\/v2\/product"}],"about":[{"href":"https:\/\/www.armadamobility.nl\/de\/wp-json\/wp\/v2\/types\/product"}],"version-history":[{"count":0,"href":"https:\/\/www.armadamobility.nl\/de\/wp-json\/wp\/v2\/product\/5009\/revisions"}],"wp:featuredmedia":[{"embeddable":true,"href":"https:\/\/www.armadamobility.nl\/de\/wp-json\/wp\/v2\/media\/2768"}],"wp:attachment":[{"href":"https:\/\/www.armadamobility.nl\/de\/wp-json\/wp\/v2\/media?parent=5009"}],"curies":[{"name":"wp","href":"https:\/\/api.w.org\/{rel}","templated":true}]}}