{"id":5006,"date":"2024-12-16T12:44:55","date_gmt":"2024-12-16T11:44:55","guid":{"rendered":"https:\/\/www.armadamobility.nl\/producten\/topsafe-fahrradschliessfach\/"},"modified":"2025-02-28T16:02:59","modified_gmt":"2025-02-28T15:02:59","slug":"topsafe-fahrradschliessfach","status":"publish","type":"product","link":"https:\/\/www.armadamobility.nl\/de\/produkte\/topsafe-fahrradschliessfach\/","title":{"rendered":"TopSafe Fahrradschlie\u00dffach"},"content":{"rendered":"\n<p><strong>Sicher, Innovativ und Nachhaltig<br\/><\/strong>Suchen Sie nach einer zuverl\u00e4ssigen L\u00f6sung, um Ihr Fahrrad vor Regen, Wind und Diebstahl zu sch\u00fctzen?<br\/>Entdecken Sie das TopSafe Fahrradschlie\u00dffach! Dieses moderne Schlie\u00dffach bietet maximalen Schutz und h\u00f6chsten Komfort f\u00fcr jeden Radfahrer. Es kann einfach per App reserviert und ge\u00f6ffnet werden und verf\u00fcgt \u00fcber eine integrierte Ladestation f\u00fcr E-Bikes, sodass Sie stets eine vollgeladene Batterie haben.<br\/><br\/>    <\/p>\n\n<p>Dank der innovativen Fl\u00fcgelt\u00fcr ist das Schlie\u00dffach besonders benutzerfreundlich, sodass Sie Ihr Fahrrad problemlos ein- und ausparken k\u00f6nnen. Ob Citybike, E-Bike oder Rennrad \u2013 das TopSafe Fahrradschlie\u00dffach garantiert Sicherheit und Komfort in einer einzigen L\u00f6sung!   <\/p>\n\n<p><strong>Warum das TopSafe Fahrradschlie\u00dffach w\u00e4hlen?<\/strong><br\/>Optimaler Schutz: Sch\u00fctzt Ihr Fahrrad vor Wetterbedingungen und Diebstahl.<br\/>\u2022 Einfache Bedienung: \u00d6ffnen und schlie\u00dfen Sie das Schlie\u00dffach \u00fcber eine intuitive App.<br\/>\u2022 Geeignet f\u00fcr E-Bikes: Inklusive integrierter Ladestation, damit Ihr E-Bike immer einsatzbereit ist.<br\/>\u2022 Innovatives Design: Die Fl\u00fcgelt\u00fcr erm\u00f6glicht ein besonders leichtes Ein- und Ausparken.<br\/>\u2022 Nachhaltig &amp; robust: Hergestellt aus hochwertigen, langlebigen Materialien, konzipiert f\u00fcr langfristige Nutzung.<br\/>\u2022 Cleveres Verstauen: Mit Radf\u00fchrung und Aufh\u00e4ngehaken f\u00fcr Tasche oder Jacke.<\/p>\n\n<p>Interesse am TopSafe Fahrradschlie\u00dffach? Fordern Sie jetzt ein Angebot an! <\/p>\n\n<p><br\/>M\u00f6chten Sie mehr dar\u00fcber erfahren, wie das TopSafe Fahrradschlie\u00dffach Ihre Fahrradabstellanlage komplettiert?<br\/>Kontaktieren Sie uns noch heute f\u00fcr eine kostenlose Beratung und ein unverbindliches Angebot. Mit dem TopSafe Fahrradschlie\u00dffach setzen Sie auf eine nachhaltige Zukunft des Fahrradparkens!  <\/p>\n\n<p><\/p>\n\n<p><\/p>\n","protected":false},"excerpt":{"rendered":"<p>Sicher, Innovativ und NachhaltigSuchen Sie nach einer zuverl\u00e4ssigen L\u00f6sung, um Ihr Fahrrad vor Regen, Wind und Diebstahl zu sch\u00fctzen?Entdecken Sie das TopSafe Fahrradschlie\u00dffach! Dieses moderne Schlie\u00dffach bietet maximalen Schutz und h\u00f6chsten Komfort f\u00fcr jeden Radfahrer. Es kann einfach per App reserviert und ge\u00f6ffnet werden und verf\u00fcgt \u00fcber eine integrierte Ladestation f\u00fcr E-Bikes, sodass Sie stets [&hellip;]<\/p>\n","protected":false},"featured_media":4162,"parent":0,"template":"","class_list":["post-5006","product","type-product","status-publish","has-post-thumbnail","hentry"],"yoast_head":"<!-- This site is optimized with the Yoast SEO plugin v27.3 - https:\/\/yoast.com\/product\/yoast-seo-wordpress\/ -->\n<title>TopSafe Fahrradschlie\u00dffach | Armada Mobility<\/title>\n<meta name=\"robots\" content=\"index, follow, max-snippet:-1, max-image-preview:large, max-video-preview:-1\" \/>\n<link rel=\"canonical\" href=\"https:\/\/www.armadamobility.nl\/de\/producten\/topsafe-fahrradschliessfach\/\" \/>\n<meta property=\"og:locale\" content=\"de_DE\" \/>\n<meta property=\"og:type\" content=\"article\" \/>\n<meta property=\"og:title\" content=\"TopSafe Fahrradschlie\u00dffach | Armada Mobility\" \/>\n<meta property=\"og:description\" content=\"Sicher, Innovativ und NachhaltigSuchen Sie nach einer zuverl\u00e4ssigen L\u00f6sung, um Ihr Fahrrad vor Regen, Wind und Diebstahl zu sch\u00fctzen?Entdecken Sie das TopSafe Fahrradschlie\u00dffach! Dieses moderne Schlie\u00dffach bietet maximalen Schutz und h\u00f6chsten Komfort f\u00fcr jeden Radfahrer. Es kann einfach per App reserviert und ge\u00f6ffnet werden und verf\u00fcgt \u00fcber eine integrierte Ladestation f\u00fcr E-Bikes, sodass Sie stets [&hellip;]\" \/>\n<meta property=\"og:url\" content=\"https:\/\/www.armadamobility.nl\/de\/producten\/topsafe-fahrradschliessfach\/\" \/>\n<meta property=\"og:site_name\" content=\"Armada Mobility\" \/>\n<meta property=\"article:modified_time\" content=\"2025-02-28T15:02:59+00:00\" \/>\n<meta property=\"og:image\" content=\"https:\/\/www.armadamobility.nl\/wp-content\/uploads\/2025\/02\/fietskluis-e1740400808201.jpg\" \/>\n\t<meta property=\"og:image:width\" content=\"2500\" \/>\n\t<meta property=\"og:image:height\" content=\"1667\" \/>\n\t<meta property=\"og:image:type\" content=\"image\/jpeg\" \/>\n<meta name=\"twitter:card\" content=\"summary_large_image\" \/>\n<meta name=\"twitter:label1\" content=\"Gesch\u00e4tzte Lesezeit\" \/>\n\t<meta name=\"twitter:data1\" content=\"1\u00a0Minute\" \/>\n<script type=\"application\/ld+json\" class=\"yoast-schema-graph\">{\"@context\":\"https:\\\/\\\/schema.org\",\"@graph\":[{\"@type\":\"WebPage\",\"@id\":\"https:\\\/\\\/www.armadamobility.nl\\\/de\\\/producten\\\/topsafe-fahrradschliessfach\\\/\",\"url\":\"https:\\\/\\\/www.armadamobility.nl\\\/de\\\/producten\\\/topsafe-fahrradschliessfach\\\/\",\"name\":\"TopSafe Fahrradschlie\u00dffach | Armada Mobility\",\"isPartOf\":{\"@id\":\"https:\\\/\\\/www.armadamobility.nl\\\/#website\"},\"primaryImageOfPage\":{\"@id\":\"https:\\\/\\\/www.armadamobility.nl\\\/de\\\/producten\\\/topsafe-fahrradschliessfach\\\/#primaryimage\"},\"image\":{\"@id\":\"https:\\\/\\\/www.armadamobility.nl\\\/de\\\/producten\\\/topsafe-fahrradschliessfach\\\/#primaryimage\"},\"thumbnailUrl\":\"https:\\\/\\\/www.armadamobility.nl\\\/wp-content\\\/uploads\\\/2025\\\/02\\\/fietskluis-e1740400808201.jpg\",\"datePublished\":\"2024-12-16T11:44:55+00:00\",\"dateModified\":\"2025-02-28T15:02:59+00:00\",\"breadcrumb\":{\"@id\":\"https:\\\/\\\/www.armadamobility.nl\\\/de\\\/producten\\\/topsafe-fahrradschliessfach\\\/#breadcrumb\"},\"inLanguage\":\"de\",\"potentialAction\":[{\"@type\":\"ReadAction\",\"target\":[\"https:\\\/\\\/www.armadamobility.nl\\\/de\\\/producten\\\/topsafe-fahrradschliessfach\\\/\"]}]},{\"@type\":\"ImageObject\",\"inLanguage\":\"de\",\"@id\":\"https:\\\/\\\/www.armadamobility.nl\\\/de\\\/producten\\\/topsafe-fahrradschliessfach\\\/#primaryimage\",\"url\":\"https:\\\/\\\/www.armadamobility.nl\\\/wp-content\\\/uploads\\\/2025\\\/02\\\/fietskluis-e1740400808201.jpg\",\"contentUrl\":\"https:\\\/\\\/www.armadamobility.nl\\\/wp-content\\\/uploads\\\/2025\\\/02\\\/fietskluis-e1740400808201.jpg\",\"width\":2500,\"height\":1667},{\"@type\":\"BreadcrumbList\",\"@id\":\"https:\\\/\\\/www.armadamobility.nl\\\/de\\\/producten\\\/topsafe-fahrradschliessfach\\\/#breadcrumb\",\"itemListElement\":[{\"@type\":\"ListItem\",\"position\":1,\"name\":\"Home\",\"item\":\"https:\\\/\\\/www.armadamobility.nl\\\/\"},{\"@type\":\"ListItem\",\"position\":2,\"name\":\"Producten\",\"item\":\"https:\\\/\\\/www.armadamobility.nl\\\/producten\\\/\"},{\"@type\":\"ListItem\",\"position\":3,\"name\":\"TopSafe Fahrradschlie\u00dffach\"}]},{\"@type\":\"WebSite\",\"@id\":\"https:\\\/\\\/www.armadamobility.nl\\\/#website\",\"url\":\"https:\\\/\\\/www.armadamobility.nl\\\/\",\"name\":\"Armada Mobility\",\"description\":\"Openbare voorzieningen &amp; Rail-Infra\",\"publisher\":{\"@id\":\"https:\\\/\\\/www.armadamobility.nl\\\/#organization\"},\"potentialAction\":[{\"@type\":\"SearchAction\",\"target\":{\"@type\":\"EntryPoint\",\"urlTemplate\":\"https:\\\/\\\/www.armadamobility.nl\\\/?s={search_term_string}\"},\"query-input\":{\"@type\":\"PropertyValueSpecification\",\"valueRequired\":true,\"valueName\":\"search_term_string\"}}],\"inLanguage\":\"de\"},{\"@type\":\"Organization\",\"@id\":\"https:\\\/\\\/www.armadamobility.nl\\\/#organization\",\"name\":\"Armada Mobility B.V.\",\"url\":\"https:\\\/\\\/www.armadamobility.nl\\\/\",\"logo\":{\"@type\":\"ImageObject\",\"inLanguage\":\"de\",\"@id\":\"https:\\\/\\\/www.armadamobility.nl\\\/#\\\/schema\\\/logo\\\/image\\\/\",\"url\":\"https:\\\/\\\/www.armadamobility.nl\\\/wp-content\\\/uploads\\\/2024\\\/09\\\/Logo-armada-mobility.svg\",\"contentUrl\":\"https:\\\/\\\/www.armadamobility.nl\\\/wp-content\\\/uploads\\\/2024\\\/09\\\/Logo-armada-mobility.svg\",\"width\":1699.5,\"height\":303.8,\"caption\":\"Armada Mobility B.V.\"},\"image\":{\"@id\":\"https:\\\/\\\/www.armadamobility.nl\\\/#\\\/schema\\\/logo\\\/image\\\/\"}}]}<\/script>\n<!-- \/ Yoast SEO plugin. -->","yoast_head_json":{"title":"TopSafe Fahrradschlie\u00dffach | Armada Mobility","robots":{"index":"index","follow":"follow","max-snippet":"max-snippet:-1","max-image-preview":"max-image-preview:large","max-video-preview":"max-video-preview:-1"},"canonical":"https:\/\/www.armadamobility.nl\/de\/producten\/topsafe-fahrradschliessfach\/","og_locale":"de_DE","og_type":"article","og_title":"TopSafe Fahrradschlie\u00dffach | Armada Mobility","og_description":"Sicher, Innovativ und NachhaltigSuchen Sie nach einer zuverl\u00e4ssigen L\u00f6sung, um Ihr Fahrrad vor Regen, Wind und Diebstahl zu sch\u00fctzen?Entdecken Sie das TopSafe Fahrradschlie\u00dffach! Dieses moderne Schlie\u00dffach bietet maximalen Schutz und h\u00f6chsten Komfort f\u00fcr jeden Radfahrer. Es kann einfach per App reserviert und ge\u00f6ffnet werden und verf\u00fcgt \u00fcber eine integrierte Ladestation f\u00fcr E-Bikes, sodass Sie stets [&hellip;]","og_url":"https:\/\/www.armadamobility.nl\/de\/producten\/topsafe-fahrradschliessfach\/","og_site_name":"Armada Mobility","article_modified_time":"2025-02-28T15:02:59+00:00","og_image":[{"width":2500,"height":1667,"url":"https:\/\/www.armadamobility.nl\/wp-content\/uploads\/2025\/02\/fietskluis-e1740400808201.jpg","type":"image\/jpeg"}],"twitter_card":"summary_large_image","twitter_misc":{"Gesch\u00e4tzte Lesezeit":"1\u00a0Minute"},"schema":{"@context":"https:\/\/schema.org","@graph":[{"@type":"WebPage","@id":"https:\/\/www.armadamobility.nl\/de\/producten\/topsafe-fahrradschliessfach\/","url":"https:\/\/www.armadamobility.nl\/de\/producten\/topsafe-fahrradschliessfach\/","name":"TopSafe Fahrradschlie\u00dffach | Armada Mobility","isPartOf":{"@id":"https:\/\/www.armadamobility.nl\/#website"},"primaryImageOfPage":{"@id":"https:\/\/www.armadamobility.nl\/de\/producten\/topsafe-fahrradschliessfach\/#primaryimage"},"image":{"@id":"https:\/\/www.armadamobility.nl\/de\/producten\/topsafe-fahrradschliessfach\/#primaryimage"},"thumbnailUrl":"https:\/\/www.armadamobility.nl\/wp-content\/uploads\/2025\/02\/fietskluis-e1740400808201.jpg","datePublished":"2024-12-16T11:44:55+00:00","dateModified":"2025-02-28T15:02:59+00:00","breadcrumb":{"@id":"https:\/\/www.armadamobility.nl\/de\/producten\/topsafe-fahrradschliessfach\/#breadcrumb"},"inLanguage":"de","potentialAction":[{"@type":"ReadAction","target":["https:\/\/www.armadamobility.nl\/de\/producten\/topsafe-fahrradschliessfach\/"]}]},{"@type":"ImageObject","inLanguage":"de","@id":"https:\/\/www.armadamobility.nl\/de\/producten\/topsafe-fahrradschliessfach\/#primaryimage","url":"https:\/\/www.armadamobility.nl\/wp-content\/uploads\/2025\/02\/fietskluis-e1740400808201.jpg","contentUrl":"https:\/\/www.armadamobility.nl\/wp-content\/uploads\/2025\/02\/fietskluis-e1740400808201.jpg","width":2500,"height":1667},{"@type":"BreadcrumbList","@id":"https:\/\/www.armadamobility.nl\/de\/producten\/topsafe-fahrradschliessfach\/#breadcrumb","itemListElement":[{"@type":"ListItem","position":1,"name":"Home","item":"https:\/\/www.armadamobility.nl\/"},{"@type":"ListItem","position":2,"name":"Producten","item":"https:\/\/www.armadamobility.nl\/producten\/"},{"@type":"ListItem","position":3,"name":"TopSafe Fahrradschlie\u00dffach"}]},{"@type":"WebSite","@id":"https:\/\/www.armadamobility.nl\/#website","url":"https:\/\/www.armadamobility.nl\/","name":"Armada Mobility","description":"Openbare voorzieningen &amp; Rail-Infra","publisher":{"@id":"https:\/\/www.armadamobility.nl\/#organization"},"potentialAction":[{"@type":"SearchAction","target":{"@type":"EntryPoint","urlTemplate":"https:\/\/www.armadamobility.nl\/?s={search_term_string}"},"query-input":{"@type":"PropertyValueSpecification","valueRequired":true,"valueName":"search_term_string"}}],"inLanguage":"de"},{"@type":"Organization","@id":"https:\/\/www.armadamobility.nl\/#organization","name":"Armada Mobility B.V.","url":"https:\/\/www.armadamobility.nl\/","logo":{"@type":"ImageObject","inLanguage":"de","@id":"https:\/\/www.armadamobility.nl\/#\/schema\/logo\/image\/","url":"https:\/\/www.armadamobility.nl\/wp-content\/uploads\/2024\/09\/Logo-armada-mobility.svg","contentUrl":"https:\/\/www.armadamobility.nl\/wp-content\/uploads\/2024\/09\/Logo-armada-mobility.svg","width":1699.5,"height":303.8,"caption":"Armada Mobility B.V."},"image":{"@id":"https:\/\/www.armadamobility.nl\/#\/schema\/logo\/image\/"}}]}},"_links":{"self":[{"href":"https:\/\/www.armadamobility.nl\/de\/wp-json\/wp\/v2\/product\/5006","targetHints":{"allow":["GET"]}}],"collection":[{"href":"https:\/\/www.armadamobility.nl\/de\/wp-json\/wp\/v2\/product"}],"about":[{"href":"https:\/\/www.armadamobility.nl\/de\/wp-json\/wp\/v2\/types\/product"}],"version-history":[{"count":1,"href":"https:\/\/www.armadamobility.nl\/de\/wp-json\/wp\/v2\/product\/5006\/revisions"}],"predecessor-version":[{"id":5007,"href":"https:\/\/www.armadamobility.nl\/de\/wp-json\/wp\/v2\/product\/5006\/revisions\/5007"}],"wp:featuredmedia":[{"embeddable":true,"href":"https:\/\/www.armadamobility.nl\/de\/wp-json\/wp\/v2\/media\/4162"}],"wp:attachment":[{"href":"https:\/\/www.armadamobility.nl\/de\/wp-json\/wp\/v2\/media?parent=5006"}],"curies":[{"name":"wp","href":"https:\/\/api.w.org\/{rel}","templated":true}]}}