{"id":4994,"date":"2024-12-16T12:54:56","date_gmt":"2024-12-16T11:54:56","guid":{"rendered":"https:\/\/www.armadamobility.nl\/producten\/enkelopp\/"},"modified":"2025-02-28T15:45:08","modified_gmt":"2025-02-28T14:45:08","slug":"enkelopp","status":"publish","type":"product","link":"https:\/\/www.armadamobility.nl\/de\/produkte\/enkelopp\/","title":{"rendered":"EnkeloPP"},"content":{"rendered":"\t\t<div data-elementor-type=\"wp-post\" data-elementor-id=\"4994\" class=\"elementor elementor-4994 elementor-2973\" data-elementor-post-type=\"product\">\n\t\t\t\t<div class=\"elementor-element elementor-element-31b96dd e-flex e-con-boxed e-con e-parent\" data-id=\"31b96dd\" data-element_type=\"container\" data-e-type=\"container\" data-settings=\"{&quot;jet_parallax_layout_list&quot;:[]}\">\n\t\t\t\t\t<div class=\"e-con-inner\">\n\t\t\t\t\t<\/div>\n\t\t\t\t<\/div>\n\t\t<div class=\"elementor-element elementor-element-be73dd7 e-flex e-con-boxed e-con e-parent\" data-id=\"be73dd7\" data-element_type=\"container\" data-e-type=\"container\" data-settings=\"{&quot;jet_parallax_layout_list&quot;:[]}\">\n\t\t\t\t\t<div class=\"e-con-inner\">\n\t\t\t\t<div class=\"elementor-element elementor-element-6aeb17c elementor-widget elementor-widget-heading\" data-id=\"6aeb17c\" data-element_type=\"widget\" data-e-type=\"widget\" data-widget_type=\"heading.default\">\n\t\t\t\t<div class=\"elementor-widget-container\">\n\t\t\t\t\t<h4 class=\"elementor-heading-title elementor-size-default\">Stabil und Hochwertig: Die Basis unseres Fahrradparksystems<\/h4>\t\t\t\t<\/div>\n\t\t\t\t<\/div>\n\t\t\t\t<div class=\"elementor-element elementor-element-859c5bf elementor-widget elementor-widget-text-editor\" data-id=\"859c5bf\" data-element_type=\"widget\" data-e-type=\"widget\" data-widget_type=\"text-editor.default\">\n\t\t\t\t<div class=\"elementor-widget-container\">\n\t\t\t\t\t\t\t\t\t<p>Das EnkelOPP-Fahrradparksystem dient als Grundlage und robuste Basis f\u00fcr unser <a href=\"https:\/\/www.armadamobility.nl\/de\/producten\/dubbelopp\/\">DubbelOPP<\/a>-Doppelstock-Fahrradparksystem. Dieses hochwertige Fahrradparksystem wurde mit Nachhaltigkeit und Benutzerfreundlichkeit entwickelt. Mit drei St\u00fctzpunkten pro Fahrrad steht jedes Fahrrad sicher geparkt und gew\u00e4hrleistet optimale Sicherheit und Komfort.<br \/>Ideal f\u00fcr Standorte, an denen Qualit\u00e4t und Effizienz im Vordergrund stehen.   <\/p>\n<p>\n            <strong class=\"orange\">Besondere Merkmale des EnkelOPP-Fahrradst\u00e4nders<\/strong>\n          <\/p>\n<ul class=\"wp-block-list\">\n<li>Platzsparend<\/li>\n<li>Einzel- und Doppelstockausf\u00fchrung<\/li>\n<li>Optimale Benutzerfreundlichkeit<\/li>\n<li>Hochwertige Qualit\u00e4t und nachhaltige Materialien<\/li>\n<li>Modulares Design<\/li>\n<li>Onderhoudsvriendelijk<\/li>\n<li>Vandalismussicher<\/li>\n<\/ul>\n<p>\n            <strong class=\"orange\">Technische Spezifikationen des EnkelOPP-Fahrradst\u00e4nders<\/strong>\n          <\/p>\n<p>Der Achsenabstand ist in 375 mm, 400 mm oder jeder gew\u00fcnschten Gr\u00f6\u00dfe erh\u00e4ltlich. Die Standardmodull\u00e4nge betr\u00e4gt drei Meter.<br \/>Das System wird auf Fundamenten oder Bodenplatten montiert, und alle Stahlteile sind feuerverzinkt.<br \/>Dank langlebiger Materialien hat das EnkelOPP-System eine lange Lebensdauer.<br \/>Der Fahrradst\u00e4nder ist in Stahl oder mit einer Pulverbeschichtung in einer Wunschfarbe erh\u00e4ltlich.    <\/p>\n\t\t\t\t\t\t\t\t<\/div>\n\t\t\t\t<\/div>\n\t\t<div class=\"elementor-element elementor-element-1da635e e-con-full e-flex e-con e-child\" data-id=\"1da635e\" data-element_type=\"container\" data-e-type=\"container\" data-settings=\"{&quot;jet_parallax_layout_list&quot;:[]}\">\n\t\t\t\t<\/div>\n\t\t\t\t\t<\/div>\n\t\t\t\t<\/div>\n\t\t\t\t<\/div>\n\t\t","protected":false},"excerpt":{"rendered":"<p>Stabil und Hochwertig: Die Basis unseres Fahrradparksystems Das EnkelOPP-Fahrradparksystem dient als Grundlage und robuste Basis f\u00fcr unser DubbelOPP-Doppelstock-Fahrradparksystem. Dieses hochwertige Fahrradparksystem wurde mit Nachhaltigkeit und Benutzerfreundlichkeit entwickelt. Mit drei St\u00fctzpunkten pro Fahrrad steht jedes Fahrrad sicher geparkt und gew\u00e4hrleistet optimale Sicherheit und Komfort.Ideal f\u00fcr Standorte, an denen Qualit\u00e4t und Effizienz im Vordergrund stehen. Besondere Merkmale [&hellip;]<\/p>\n","protected":false},"featured_media":2976,"parent":0,"template":"","class_list":["post-4994","product","type-product","status-publish","has-post-thumbnail","hentry"],"yoast_head":"<!-- This site is optimized with the Yoast SEO plugin v27.3 - https:\/\/yoast.com\/product\/yoast-seo-wordpress\/ -->\n<title>EnkeloPP | Armada Mobility<\/title>\n<meta name=\"robots\" content=\"index, follow, max-snippet:-1, max-image-preview:large, max-video-preview:-1\" \/>\n<link rel=\"canonical\" href=\"https:\/\/www.armadamobility.nl\/de\/producten\/enkelopp\/\" \/>\n<meta property=\"og:locale\" content=\"de_DE\" \/>\n<meta property=\"og:type\" content=\"article\" \/>\n<meta property=\"og:title\" content=\"EnkeloPP | Armada Mobility\" \/>\n<meta property=\"og:description\" content=\"Stabil und Hochwertig: Die Basis unseres Fahrradparksystems Das EnkelOPP-Fahrradparksystem dient als Grundlage und robuste Basis f\u00fcr unser DubbelOPP-Doppelstock-Fahrradparksystem. Dieses hochwertige Fahrradparksystem wurde mit Nachhaltigkeit und Benutzerfreundlichkeit entwickelt. Mit drei St\u00fctzpunkten pro Fahrrad steht jedes Fahrrad sicher geparkt und gew\u00e4hrleistet optimale Sicherheit und Komfort.Ideal f\u00fcr Standorte, an denen Qualit\u00e4t und Effizienz im Vordergrund stehen. Besondere Merkmale [&hellip;]\" \/>\n<meta property=\"og:url\" content=\"https:\/\/www.armadamobility.nl\/de\/producten\/enkelopp\/\" \/>\n<meta property=\"og:site_name\" content=\"Armada Mobility\" \/>\n<meta property=\"article:modified_time\" content=\"2025-02-28T14:45:08+00:00\" \/>\n<meta property=\"og:image\" content=\"https:\/\/www.armadamobility.nl\/wp-content\/uploads\/2024\/12\/enklopp.jpeg\" \/>\n\t<meta property=\"og:image:width\" content=\"930\" \/>\n\t<meta property=\"og:image:height\" content=\"620\" \/>\n\t<meta property=\"og:image:type\" content=\"image\/jpeg\" \/>\n<meta name=\"twitter:card\" content=\"summary_large_image\" \/>\n<meta name=\"twitter:label1\" content=\"Gesch\u00e4tzte Lesezeit\" \/>\n\t<meta name=\"twitter:data1\" content=\"1\u00a0Minute\" \/>\n<script type=\"application\/ld+json\" class=\"yoast-schema-graph\">{\"@context\":\"https:\\\/\\\/schema.org\",\"@graph\":[{\"@type\":\"WebPage\",\"@id\":\"https:\\\/\\\/www.armadamobility.nl\\\/de\\\/producten\\\/enkelopp\\\/\",\"url\":\"https:\\\/\\\/www.armadamobility.nl\\\/de\\\/producten\\\/enkelopp\\\/\",\"name\":\"EnkeloPP | Armada Mobility\",\"isPartOf\":{\"@id\":\"https:\\\/\\\/www.armadamobility.nl\\\/#website\"},\"primaryImageOfPage\":{\"@id\":\"https:\\\/\\\/www.armadamobility.nl\\\/de\\\/producten\\\/enkelopp\\\/#primaryimage\"},\"image\":{\"@id\":\"https:\\\/\\\/www.armadamobility.nl\\\/de\\\/producten\\\/enkelopp\\\/#primaryimage\"},\"thumbnailUrl\":\"https:\\\/\\\/www.armadamobility.nl\\\/wp-content\\\/uploads\\\/2024\\\/12\\\/enklopp.jpeg\",\"datePublished\":\"2024-12-16T11:54:56+00:00\",\"dateModified\":\"2025-02-28T14:45:08+00:00\",\"breadcrumb\":{\"@id\":\"https:\\\/\\\/www.armadamobility.nl\\\/de\\\/producten\\\/enkelopp\\\/#breadcrumb\"},\"inLanguage\":\"de\",\"potentialAction\":[{\"@type\":\"ReadAction\",\"target\":[\"https:\\\/\\\/www.armadamobility.nl\\\/de\\\/producten\\\/enkelopp\\\/\"]}]},{\"@type\":\"ImageObject\",\"inLanguage\":\"de\",\"@id\":\"https:\\\/\\\/www.armadamobility.nl\\\/de\\\/producten\\\/enkelopp\\\/#primaryimage\",\"url\":\"https:\\\/\\\/www.armadamobility.nl\\\/wp-content\\\/uploads\\\/2024\\\/12\\\/enklopp.jpeg\",\"contentUrl\":\"https:\\\/\\\/www.armadamobility.nl\\\/wp-content\\\/uploads\\\/2024\\\/12\\\/enklopp.jpeg\",\"width\":930,\"height\":620},{\"@type\":\"BreadcrumbList\",\"@id\":\"https:\\\/\\\/www.armadamobility.nl\\\/de\\\/producten\\\/enkelopp\\\/#breadcrumb\",\"itemListElement\":[{\"@type\":\"ListItem\",\"position\":1,\"name\":\"Home\",\"item\":\"https:\\\/\\\/www.armadamobility.nl\\\/\"},{\"@type\":\"ListItem\",\"position\":2,\"name\":\"Producten\",\"item\":\"https:\\\/\\\/www.armadamobility.nl\\\/producten\\\/\"},{\"@type\":\"ListItem\",\"position\":3,\"name\":\"EnkeloPP\"}]},{\"@type\":\"WebSite\",\"@id\":\"https:\\\/\\\/www.armadamobility.nl\\\/#website\",\"url\":\"https:\\\/\\\/www.armadamobility.nl\\\/\",\"name\":\"Armada Mobility\",\"description\":\"Openbare voorzieningen &amp; Rail-Infra\",\"publisher\":{\"@id\":\"https:\\\/\\\/www.armadamobility.nl\\\/#organization\"},\"potentialAction\":[{\"@type\":\"SearchAction\",\"target\":{\"@type\":\"EntryPoint\",\"urlTemplate\":\"https:\\\/\\\/www.armadamobility.nl\\\/?s={search_term_string}\"},\"query-input\":{\"@type\":\"PropertyValueSpecification\",\"valueRequired\":true,\"valueName\":\"search_term_string\"}}],\"inLanguage\":\"de\"},{\"@type\":\"Organization\",\"@id\":\"https:\\\/\\\/www.armadamobility.nl\\\/#organization\",\"name\":\"Armada Mobility B.V.\",\"url\":\"https:\\\/\\\/www.armadamobility.nl\\\/\",\"logo\":{\"@type\":\"ImageObject\",\"inLanguage\":\"de\",\"@id\":\"https:\\\/\\\/www.armadamobility.nl\\\/#\\\/schema\\\/logo\\\/image\\\/\",\"url\":\"https:\\\/\\\/www.armadamobility.nl\\\/wp-content\\\/uploads\\\/2024\\\/09\\\/Logo-armada-mobility.svg\",\"contentUrl\":\"https:\\\/\\\/www.armadamobility.nl\\\/wp-content\\\/uploads\\\/2024\\\/09\\\/Logo-armada-mobility.svg\",\"width\":1699.5,\"height\":303.8,\"caption\":\"Armada Mobility B.V.\"},\"image\":{\"@id\":\"https:\\\/\\\/www.armadamobility.nl\\\/#\\\/schema\\\/logo\\\/image\\\/\"}}]}<\/script>\n<!-- \/ Yoast SEO plugin. -->","yoast_head_json":{"title":"EnkeloPP | Armada Mobility","robots":{"index":"index","follow":"follow","max-snippet":"max-snippet:-1","max-image-preview":"max-image-preview:large","max-video-preview":"max-video-preview:-1"},"canonical":"https:\/\/www.armadamobility.nl\/de\/producten\/enkelopp\/","og_locale":"de_DE","og_type":"article","og_title":"EnkeloPP | Armada Mobility","og_description":"Stabil und Hochwertig: Die Basis unseres Fahrradparksystems Das EnkelOPP-Fahrradparksystem dient als Grundlage und robuste Basis f\u00fcr unser DubbelOPP-Doppelstock-Fahrradparksystem. Dieses hochwertige Fahrradparksystem wurde mit Nachhaltigkeit und Benutzerfreundlichkeit entwickelt. Mit drei St\u00fctzpunkten pro Fahrrad steht jedes Fahrrad sicher geparkt und gew\u00e4hrleistet optimale Sicherheit und Komfort.Ideal f\u00fcr Standorte, an denen Qualit\u00e4t und Effizienz im Vordergrund stehen. Besondere Merkmale [&hellip;]","og_url":"https:\/\/www.armadamobility.nl\/de\/producten\/enkelopp\/","og_site_name":"Armada Mobility","article_modified_time":"2025-02-28T14:45:08+00:00","og_image":[{"width":930,"height":620,"url":"https:\/\/www.armadamobility.nl\/wp-content\/uploads\/2024\/12\/enklopp.jpeg","type":"image\/jpeg"}],"twitter_card":"summary_large_image","twitter_misc":{"Gesch\u00e4tzte Lesezeit":"1\u00a0Minute"},"schema":{"@context":"https:\/\/schema.org","@graph":[{"@type":"WebPage","@id":"https:\/\/www.armadamobility.nl\/de\/producten\/enkelopp\/","url":"https:\/\/www.armadamobility.nl\/de\/producten\/enkelopp\/","name":"EnkeloPP | Armada Mobility","isPartOf":{"@id":"https:\/\/www.armadamobility.nl\/#website"},"primaryImageOfPage":{"@id":"https:\/\/www.armadamobility.nl\/de\/producten\/enkelopp\/#primaryimage"},"image":{"@id":"https:\/\/www.armadamobility.nl\/de\/producten\/enkelopp\/#primaryimage"},"thumbnailUrl":"https:\/\/www.armadamobility.nl\/wp-content\/uploads\/2024\/12\/enklopp.jpeg","datePublished":"2024-12-16T11:54:56+00:00","dateModified":"2025-02-28T14:45:08+00:00","breadcrumb":{"@id":"https:\/\/www.armadamobility.nl\/de\/producten\/enkelopp\/#breadcrumb"},"inLanguage":"de","potentialAction":[{"@type":"ReadAction","target":["https:\/\/www.armadamobility.nl\/de\/producten\/enkelopp\/"]}]},{"@type":"ImageObject","inLanguage":"de","@id":"https:\/\/www.armadamobility.nl\/de\/producten\/enkelopp\/#primaryimage","url":"https:\/\/www.armadamobility.nl\/wp-content\/uploads\/2024\/12\/enklopp.jpeg","contentUrl":"https:\/\/www.armadamobility.nl\/wp-content\/uploads\/2024\/12\/enklopp.jpeg","width":930,"height":620},{"@type":"BreadcrumbList","@id":"https:\/\/www.armadamobility.nl\/de\/producten\/enkelopp\/#breadcrumb","itemListElement":[{"@type":"ListItem","position":1,"name":"Home","item":"https:\/\/www.armadamobility.nl\/"},{"@type":"ListItem","position":2,"name":"Producten","item":"https:\/\/www.armadamobility.nl\/producten\/"},{"@type":"ListItem","position":3,"name":"EnkeloPP"}]},{"@type":"WebSite","@id":"https:\/\/www.armadamobility.nl\/#website","url":"https:\/\/www.armadamobility.nl\/","name":"Armada Mobility","description":"Openbare voorzieningen &amp; Rail-Infra","publisher":{"@id":"https:\/\/www.armadamobility.nl\/#organization"},"potentialAction":[{"@type":"SearchAction","target":{"@type":"EntryPoint","urlTemplate":"https:\/\/www.armadamobility.nl\/?s={search_term_string}"},"query-input":{"@type":"PropertyValueSpecification","valueRequired":true,"valueName":"search_term_string"}}],"inLanguage":"de"},{"@type":"Organization","@id":"https:\/\/www.armadamobility.nl\/#organization","name":"Armada Mobility B.V.","url":"https:\/\/www.armadamobility.nl\/","logo":{"@type":"ImageObject","inLanguage":"de","@id":"https:\/\/www.armadamobility.nl\/#\/schema\/logo\/image\/","url":"https:\/\/www.armadamobility.nl\/wp-content\/uploads\/2024\/09\/Logo-armada-mobility.svg","contentUrl":"https:\/\/www.armadamobility.nl\/wp-content\/uploads\/2024\/09\/Logo-armada-mobility.svg","width":1699.5,"height":303.8,"caption":"Armada Mobility B.V."},"image":{"@id":"https:\/\/www.armadamobility.nl\/#\/schema\/logo\/image\/"}}]}},"_links":{"self":[{"href":"https:\/\/www.armadamobility.nl\/de\/wp-json\/wp\/v2\/product\/4994","targetHints":{"allow":["GET"]}}],"collection":[{"href":"https:\/\/www.armadamobility.nl\/de\/wp-json\/wp\/v2\/product"}],"about":[{"href":"https:\/\/www.armadamobility.nl\/de\/wp-json\/wp\/v2\/types\/product"}],"version-history":[{"count":1,"href":"https:\/\/www.armadamobility.nl\/de\/wp-json\/wp\/v2\/product\/4994\/revisions"}],"predecessor-version":[{"id":4995,"href":"https:\/\/www.armadamobility.nl\/de\/wp-json\/wp\/v2\/product\/4994\/revisions\/4995"}],"wp:featuredmedia":[{"embeddable":true,"href":"https:\/\/www.armadamobility.nl\/de\/wp-json\/wp\/v2\/media\/2976"}],"wp:attachment":[{"href":"https:\/\/www.armadamobility.nl\/de\/wp-json\/wp\/v2\/media?parent=4994"}],"curies":[{"name":"wp","href":"https:\/\/api.w.org\/{rel}","templated":true}]}}