{"id":4990,"date":"2024-12-16T12:56:06","date_gmt":"2024-12-16T11:56:06","guid":{"rendered":"https:\/\/www.armadamobility.nl\/producten\/dubbelopp\/"},"modified":"2025-02-28T15:37:58","modified_gmt":"2025-02-28T14:37:58","slug":"dubbelopp","status":"publish","type":"product","link":"https:\/\/www.armadamobility.nl\/de\/produkte\/dubbelopp\/","title":{"rendered":"DubbeloPP"},"content":{"rendered":"\t\t<div data-elementor-type=\"wp-post\" data-elementor-id=\"4990\" class=\"elementor elementor-4990 elementor-2978\" data-elementor-post-type=\"product\">\n\t\t\t\t<div class=\"elementor-element elementor-element-4ee6a4a7 e-flex e-con-boxed e-con e-parent\" data-id=\"4ee6a4a7\" data-element_type=\"container\" data-e-type=\"container\" data-settings=\"{&quot;jet_parallax_layout_list&quot;:[]}\">\n\t\t\t\t\t<div class=\"e-con-inner\">\n\t\t\t\t<div class=\"elementor-element elementor-element-dc43899 elementor-widget elementor-widget-text-editor\" data-id=\"dc43899\" data-element_type=\"widget\" data-e-type=\"widget\" data-widget_type=\"text-editor.default\">\n\t\t\t\t<div class=\"elementor-widget-container\">\n\t\t\t\t\t\t\t\t\t<h3>DubbelOPP: Effizientes und Platzsparendes Doppelstock-Fahrradparken<\/h3>\n<p>Das DubbelOPP-Fahrradparksystem ist eine platzsparende L\u00f6sung, die h\u00f6chsten Qualit\u00e4tsstandards entspricht. Das System bietet drei St\u00fctzpunkte pro Fahrrad, sodass die Fahrr\u00e4der sicher in der oberen und unteren Etage abgestellt werden k\u00f6nnen.<br \/>Dieses benutzerfreundliche Doppelstock-Fahrradparksystem ist mit einem Hubmechanismus ausgestattet, der das Hochheben des Fahrrads erleichtert. Eine hochwertige L\u00f6sung, die auch langfristig zuverl\u00e4ssig funktioniert. Eine komfortable und praktische Option f\u00fcr alle Nutzer!<br \/>Dieses System ist auch als <a href=\"https:\/\/www.armadamobility.nl\/producten\/enkelopp\/\">Einstock<\/a><a href=\"https:\/\/www.armadamobility.nl\/nl\/productgroepen\/fietsenstalling\/enkelopp\/\">variante <\/a>erh\u00e4ltlich.       <\/p>\n<ul class=\"wp-block-list\">\n<li>Platzsparend<\/li>\n<li>Einzel- und Doppelstockausf\u00fchrung<\/li>\n<li>Optimale Benutzerfreundlichkeit<\/li>\n<li>Hochwertige Qualit\u00e4t und nachhaltige Materialien<\/li>\n<li>Modulares Design<\/li>\n<li>Onderhoudsvriendelijk<\/li>\n<li>Griffe in kontrastierenden Farben<\/li>\n<li>Vandalismussicher<\/li>\n<\/ul>\n<h6 class=\"wp-block-heading\">Technische Spezifikationen des DubbelOPP-Fahrradst\u00e4nders<\/h6>\n<p>Der Achsenabstand ist in 375 mm, 400 mm oder jeder gew\u00fcnschten Gr\u00f6\u00dfe verf\u00fcgbar. Die Standardmodull\u00e4nge betr\u00e4gt drei Meter.<br \/>Das System wird auf Fundamenten oder Bodenplatten montiert, und alle Stahlteile sind feuerverzinkt.<br \/>Durch die Verwendung langlebiger Materialien hat das DubbelOPP-System eine lange Lebensdauer.<br \/>Der Fahrradst\u00e4nder ist in Stahl oder mit einer Pulverbeschichtung in einer gew\u00fcnschten Farbe erh\u00e4ltlich.     <\/p>\n\t\t\t\t\t\t\t\t<\/div>\n\t\t\t\t<\/div>\n\t\t\t\t\t<\/div>\n\t\t\t\t<\/div>\n\t\t\t\t<\/div>\n\t\t","protected":false},"excerpt":{"rendered":"<p>DubbelOPP: Effizientes und Platzsparendes Doppelstock-Fahrradparken Das DubbelOPP-Fahrradparksystem ist eine platzsparende L\u00f6sung, die h\u00f6chsten Qualit\u00e4tsstandards entspricht. Das System bietet drei St\u00fctzpunkte pro Fahrrad, sodass die Fahrr\u00e4der sicher in der oberen und unteren Etage abgestellt werden k\u00f6nnen.Dieses benutzerfreundliche Doppelstock-Fahrradparksystem ist mit einem Hubmechanismus ausgestattet, der das Hochheben des Fahrrads erleichtert. Eine hochwertige L\u00f6sung, die auch langfristig zuverl\u00e4ssig [&hellip;]<\/p>\n","protected":false},"featured_media":5984,"parent":0,"template":"","class_list":["post-4990","product","type-product","status-publish","has-post-thumbnail","hentry"],"yoast_head":"<!-- This site is optimized with the Yoast SEO plugin v27.3 - https:\/\/yoast.com\/product\/yoast-seo-wordpress\/ -->\n<title>DubbeloPP | Armada Mobility<\/title>\n<meta name=\"robots\" content=\"index, follow, max-snippet:-1, max-image-preview:large, max-video-preview:-1\" \/>\n<link rel=\"canonical\" href=\"https:\/\/www.armadamobility.nl\/de\/producten\/dubbelopp\/\" \/>\n<meta property=\"og:locale\" content=\"de_DE\" \/>\n<meta property=\"og:type\" content=\"article\" \/>\n<meta property=\"og:title\" content=\"DubbeloPP | Armada Mobility\" \/>\n<meta property=\"og:description\" content=\"DubbelOPP: Effizientes und Platzsparendes Doppelstock-Fahrradparken Das DubbelOPP-Fahrradparksystem ist eine platzsparende L\u00f6sung, die h\u00f6chsten Qualit\u00e4tsstandards entspricht. Das System bietet drei St\u00fctzpunkte pro Fahrrad, sodass die Fahrr\u00e4der sicher in der oberen und unteren Etage abgestellt werden k\u00f6nnen.Dieses benutzerfreundliche Doppelstock-Fahrradparksystem ist mit einem Hubmechanismus ausgestattet, der das Hochheben des Fahrrads erleichtert. Eine hochwertige L\u00f6sung, die auch langfristig zuverl\u00e4ssig [&hellip;]\" \/>\n<meta property=\"og:url\" content=\"https:\/\/www.armadamobility.nl\/de\/producten\/dubbelopp\/\" \/>\n<meta property=\"og:site_name\" content=\"Armada Mobility\" \/>\n<meta property=\"article:modified_time\" content=\"2025-02-28T14:37:58+00:00\" \/>\n<meta property=\"og:image\" content=\"https:\/\/www.armadamobility.nl\/wp-content\/uploads\/2024\/09\/DSC_0787.jpg\" \/>\n\t<meta property=\"og:image:width\" content=\"1000\" \/>\n\t<meta property=\"og:image:height\" content=\"666\" \/>\n\t<meta property=\"og:image:type\" content=\"image\/jpeg\" \/>\n<meta name=\"twitter:card\" content=\"summary_large_image\" \/>\n<meta name=\"twitter:label1\" content=\"Gesch\u00e4tzte Lesezeit\" \/>\n\t<meta name=\"twitter:data1\" content=\"1\u00a0Minute\" \/>\n<script type=\"application\/ld+json\" class=\"yoast-schema-graph\">{\"@context\":\"https:\\\/\\\/schema.org\",\"@graph\":[{\"@type\":\"WebPage\",\"@id\":\"https:\\\/\\\/www.armadamobility.nl\\\/de\\\/producten\\\/dubbelopp\\\/\",\"url\":\"https:\\\/\\\/www.armadamobility.nl\\\/de\\\/producten\\\/dubbelopp\\\/\",\"name\":\"DubbeloPP | Armada Mobility\",\"isPartOf\":{\"@id\":\"https:\\\/\\\/www.armadamobility.nl\\\/#website\"},\"primaryImageOfPage\":{\"@id\":\"https:\\\/\\\/www.armadamobility.nl\\\/de\\\/producten\\\/dubbelopp\\\/#primaryimage\"},\"image\":{\"@id\":\"https:\\\/\\\/www.armadamobility.nl\\\/de\\\/producten\\\/dubbelopp\\\/#primaryimage\"},\"thumbnailUrl\":\"https:\\\/\\\/www.armadamobility.nl\\\/wp-content\\\/uploads\\\/2024\\\/12\\\/dubbelop-1.jpg\",\"datePublished\":\"2024-12-16T11:56:06+00:00\",\"dateModified\":\"2025-02-28T14:37:58+00:00\",\"breadcrumb\":{\"@id\":\"https:\\\/\\\/www.armadamobility.nl\\\/de\\\/producten\\\/dubbelopp\\\/#breadcrumb\"},\"inLanguage\":\"de\",\"potentialAction\":[{\"@type\":\"ReadAction\",\"target\":[\"https:\\\/\\\/www.armadamobility.nl\\\/de\\\/producten\\\/dubbelopp\\\/\"]}]},{\"@type\":\"ImageObject\",\"inLanguage\":\"de\",\"@id\":\"https:\\\/\\\/www.armadamobility.nl\\\/de\\\/producten\\\/dubbelopp\\\/#primaryimage\",\"url\":\"https:\\\/\\\/www.armadamobility.nl\\\/wp-content\\\/uploads\\\/2024\\\/12\\\/dubbelop-1.jpg\",\"contentUrl\":\"https:\\\/\\\/www.armadamobility.nl\\\/wp-content\\\/uploads\\\/2024\\\/12\\\/dubbelop-1.jpg\",\"width\":826,\"height\":653},{\"@type\":\"BreadcrumbList\",\"@id\":\"https:\\\/\\\/www.armadamobility.nl\\\/de\\\/producten\\\/dubbelopp\\\/#breadcrumb\",\"itemListElement\":[{\"@type\":\"ListItem\",\"position\":1,\"name\":\"Home\",\"item\":\"https:\\\/\\\/www.armadamobility.nl\\\/\"},{\"@type\":\"ListItem\",\"position\":2,\"name\":\"Producten\",\"item\":\"https:\\\/\\\/www.armadamobility.nl\\\/producten\\\/\"},{\"@type\":\"ListItem\",\"position\":3,\"name\":\"DubbeloPP\"}]},{\"@type\":\"WebSite\",\"@id\":\"https:\\\/\\\/www.armadamobility.nl\\\/#website\",\"url\":\"https:\\\/\\\/www.armadamobility.nl\\\/\",\"name\":\"Armada Mobility\",\"description\":\"Openbare voorzieningen &amp; Rail-Infra\",\"publisher\":{\"@id\":\"https:\\\/\\\/www.armadamobility.nl\\\/#organization\"},\"potentialAction\":[{\"@type\":\"SearchAction\",\"target\":{\"@type\":\"EntryPoint\",\"urlTemplate\":\"https:\\\/\\\/www.armadamobility.nl\\\/?s={search_term_string}\"},\"query-input\":{\"@type\":\"PropertyValueSpecification\",\"valueRequired\":true,\"valueName\":\"search_term_string\"}}],\"inLanguage\":\"de\"},{\"@type\":\"Organization\",\"@id\":\"https:\\\/\\\/www.armadamobility.nl\\\/#organization\",\"name\":\"Armada Mobility B.V.\",\"url\":\"https:\\\/\\\/www.armadamobility.nl\\\/\",\"logo\":{\"@type\":\"ImageObject\",\"inLanguage\":\"de\",\"@id\":\"https:\\\/\\\/www.armadamobility.nl\\\/#\\\/schema\\\/logo\\\/image\\\/\",\"url\":\"https:\\\/\\\/www.armadamobility.nl\\\/wp-content\\\/uploads\\\/2024\\\/09\\\/Logo-armada-mobility.svg\",\"contentUrl\":\"https:\\\/\\\/www.armadamobility.nl\\\/wp-content\\\/uploads\\\/2024\\\/09\\\/Logo-armada-mobility.svg\",\"width\":1699.5,\"height\":303.8,\"caption\":\"Armada Mobility B.V.\"},\"image\":{\"@id\":\"https:\\\/\\\/www.armadamobility.nl\\\/#\\\/schema\\\/logo\\\/image\\\/\"}}]}<\/script>\n<!-- \/ Yoast SEO plugin. -->","yoast_head_json":{"title":"DubbeloPP | Armada Mobility","robots":{"index":"index","follow":"follow","max-snippet":"max-snippet:-1","max-image-preview":"max-image-preview:large","max-video-preview":"max-video-preview:-1"},"canonical":"https:\/\/www.armadamobility.nl\/de\/producten\/dubbelopp\/","og_locale":"de_DE","og_type":"article","og_title":"DubbeloPP | Armada Mobility","og_description":"DubbelOPP: Effizientes und Platzsparendes Doppelstock-Fahrradparken Das DubbelOPP-Fahrradparksystem ist eine platzsparende L\u00f6sung, die h\u00f6chsten Qualit\u00e4tsstandards entspricht. Das System bietet drei St\u00fctzpunkte pro Fahrrad, sodass die Fahrr\u00e4der sicher in der oberen und unteren Etage abgestellt werden k\u00f6nnen.Dieses benutzerfreundliche Doppelstock-Fahrradparksystem ist mit einem Hubmechanismus ausgestattet, der das Hochheben des Fahrrads erleichtert. Eine hochwertige L\u00f6sung, die auch langfristig zuverl\u00e4ssig [&hellip;]","og_url":"https:\/\/www.armadamobility.nl\/de\/producten\/dubbelopp\/","og_site_name":"Armada Mobility","article_modified_time":"2025-02-28T14:37:58+00:00","og_image":[{"width":1000,"height":666,"url":"https:\/\/www.armadamobility.nl\/wp-content\/uploads\/2024\/09\/DSC_0787.jpg","type":"image\/jpeg"}],"twitter_card":"summary_large_image","twitter_misc":{"Gesch\u00e4tzte Lesezeit":"1\u00a0Minute"},"schema":{"@context":"https:\/\/schema.org","@graph":[{"@type":"WebPage","@id":"https:\/\/www.armadamobility.nl\/de\/producten\/dubbelopp\/","url":"https:\/\/www.armadamobility.nl\/de\/producten\/dubbelopp\/","name":"DubbeloPP | Armada Mobility","isPartOf":{"@id":"https:\/\/www.armadamobility.nl\/#website"},"primaryImageOfPage":{"@id":"https:\/\/www.armadamobility.nl\/de\/producten\/dubbelopp\/#primaryimage"},"image":{"@id":"https:\/\/www.armadamobility.nl\/de\/producten\/dubbelopp\/#primaryimage"},"thumbnailUrl":"https:\/\/www.armadamobility.nl\/wp-content\/uploads\/2024\/12\/dubbelop-1.jpg","datePublished":"2024-12-16T11:56:06+00:00","dateModified":"2025-02-28T14:37:58+00:00","breadcrumb":{"@id":"https:\/\/www.armadamobility.nl\/de\/producten\/dubbelopp\/#breadcrumb"},"inLanguage":"de","potentialAction":[{"@type":"ReadAction","target":["https:\/\/www.armadamobility.nl\/de\/producten\/dubbelopp\/"]}]},{"@type":"ImageObject","inLanguage":"de","@id":"https:\/\/www.armadamobility.nl\/de\/producten\/dubbelopp\/#primaryimage","url":"https:\/\/www.armadamobility.nl\/wp-content\/uploads\/2024\/12\/dubbelop-1.jpg","contentUrl":"https:\/\/www.armadamobility.nl\/wp-content\/uploads\/2024\/12\/dubbelop-1.jpg","width":826,"height":653},{"@type":"BreadcrumbList","@id":"https:\/\/www.armadamobility.nl\/de\/producten\/dubbelopp\/#breadcrumb","itemListElement":[{"@type":"ListItem","position":1,"name":"Home","item":"https:\/\/www.armadamobility.nl\/"},{"@type":"ListItem","position":2,"name":"Producten","item":"https:\/\/www.armadamobility.nl\/producten\/"},{"@type":"ListItem","position":3,"name":"DubbeloPP"}]},{"@type":"WebSite","@id":"https:\/\/www.armadamobility.nl\/#website","url":"https:\/\/www.armadamobility.nl\/","name":"Armada Mobility","description":"Openbare voorzieningen &amp; Rail-Infra","publisher":{"@id":"https:\/\/www.armadamobility.nl\/#organization"},"potentialAction":[{"@type":"SearchAction","target":{"@type":"EntryPoint","urlTemplate":"https:\/\/www.armadamobility.nl\/?s={search_term_string}"},"query-input":{"@type":"PropertyValueSpecification","valueRequired":true,"valueName":"search_term_string"}}],"inLanguage":"de"},{"@type":"Organization","@id":"https:\/\/www.armadamobility.nl\/#organization","name":"Armada Mobility B.V.","url":"https:\/\/www.armadamobility.nl\/","logo":{"@type":"ImageObject","inLanguage":"de","@id":"https:\/\/www.armadamobility.nl\/#\/schema\/logo\/image\/","url":"https:\/\/www.armadamobility.nl\/wp-content\/uploads\/2024\/09\/Logo-armada-mobility.svg","contentUrl":"https:\/\/www.armadamobility.nl\/wp-content\/uploads\/2024\/09\/Logo-armada-mobility.svg","width":1699.5,"height":303.8,"caption":"Armada Mobility B.V."},"image":{"@id":"https:\/\/www.armadamobility.nl\/#\/schema\/logo\/image\/"}}]}},"_links":{"self":[{"href":"https:\/\/www.armadamobility.nl\/de\/wp-json\/wp\/v2\/product\/4990","targetHints":{"allow":["GET"]}}],"collection":[{"href":"https:\/\/www.armadamobility.nl\/de\/wp-json\/wp\/v2\/product"}],"about":[{"href":"https:\/\/www.armadamobility.nl\/de\/wp-json\/wp\/v2\/types\/product"}],"version-history":[{"count":1,"href":"https:\/\/www.armadamobility.nl\/de\/wp-json\/wp\/v2\/product\/4990\/revisions"}],"predecessor-version":[{"id":4991,"href":"https:\/\/www.armadamobility.nl\/de\/wp-json\/wp\/v2\/product\/4990\/revisions\/4991"}],"wp:featuredmedia":[{"embeddable":true,"href":"https:\/\/www.armadamobility.nl\/de\/wp-json\/wp\/v2\/media\/5984"}],"wp:attachment":[{"href":"https:\/\/www.armadamobility.nl\/de\/wp-json\/wp\/v2\/media?parent=4990"}],"curies":[{"name":"wp","href":"https:\/\/api.w.org\/{rel}","templated":true}]}}