{"id":4976,"date":"2025-01-06T12:20:44","date_gmt":"2025-01-06T11:20:44","guid":{"rendered":"https:\/\/www.armadamobility.nl\/producten\/gehaeuse\/"},"modified":"2025-02-28T15:29:01","modified_gmt":"2025-02-28T14:29:01","slug":"gehaeuse","status":"publish","type":"product","link":"https:\/\/www.armadamobility.nl\/de\/produkte\/gehaeuse\/","title":{"rendered":"Geh\u00e4use"},"content":{"rendered":"\t\t<div data-elementor-type=\"wp-post\" data-elementor-id=\"4976\" class=\"elementor elementor-4976 elementor-3211\" data-elementor-post-type=\"product\">\n\t\t\t\t<div class=\"elementor-element elementor-element-9b0c6f3 e-flex e-con-boxed e-con e-parent\" data-id=\"9b0c6f3\" data-element_type=\"container\" data-e-type=\"container\" data-settings=\"{&quot;jet_parallax_layout_list&quot;:[]}\">\n\t\t\t\t\t<div class=\"e-con-inner\">\n\t\t<div class=\"elementor-element elementor-element-e6e3c8e e-con-full e-flex e-con e-child\" data-id=\"e6e3c8e\" data-element_type=\"container\" data-e-type=\"container\" data-settings=\"{&quot;jet_parallax_layout_list&quot;:[]}\">\n\t\t\t\t<div class=\"elementor-element elementor-element-e115274 elementor-widget elementor-widget-text-editor\" data-id=\"e115274\" data-element_type=\"widget\" data-e-type=\"widget\" data-widget_type=\"text-editor.default\">\n\t\t\t\t<div class=\"elementor-widget-container\">\n\t\t\t\t\t\t\t\t\t<p>Armada Mobility produziert seit Jahrzehnten Geh\u00e4use f\u00fcr den Schienenverkehr. Dazu geh\u00f6ren Bahn\u00fcbergangsgeh\u00e4use, Hochspannungsschr\u00e4nke und Relaisk\u00e4sten. <\/p>\n<p>Unsere Ingenieure unterst\u00fctzen Sie gerne bei ma\u00dfgeschneiderten L\u00f6sungen, falls besondere Anforderungen bestehen.<\/p>\n<p>Zus\u00e4tzlich k\u00f6nnen die Geh\u00e4use mit speziellen Sicherheitsb\u00fcgeln ausgestattet werden, wie auf den Bildern zu sehen ist.<\/p>\n<p>M\u00f6chten Sie herausfinden, welches Geh\u00e4use am besten zu Ihrem Projekt passt? Fordern Sie ein unverbindliches Angebot an oder kontaktieren Sie uns f\u00fcr weitere Informationen! <\/p>\n\t\t\t\t\t\t\t\t<\/div>\n\t\t\t\t<\/div>\n\t\t\t\t<\/div>\n\t\t<div class=\"elementor-element elementor-element-30a850a e-con-full e-flex e-con e-child\" data-id=\"30a850a\" data-element_type=\"container\" data-e-type=\"container\" data-settings=\"{&quot;jet_parallax_layout_list&quot;:[]}\">\n\t\t<div class=\"elementor-element elementor-element-4321ca6 e-con-full e-flex e-con e-child\" data-id=\"4321ca6\" data-element_type=\"container\" data-e-type=\"container\" data-settings=\"{&quot;jet_parallax_layout_list&quot;:[]}\">\n\t\t\t\t<div class=\"elementor-element elementor-element-b5a9df2 elementor-widget elementor-widget-image\" data-id=\"b5a9df2\" data-element_type=\"widget\" data-e-type=\"widget\" data-widget_type=\"image.default\">\n\t\t\t\t<div class=\"elementor-widget-container\">\n\t\t\t\t\t\t\t\t\t\t\t\t\t\t\t<img fetchpriority=\"high\" decoding=\"async\" width=\"589\" height=\"426\" src=\"https:\/\/www.armadamobility.nl\/wp-content\/uploads\/2025\/01\/Afbeelding1-kast-beugel.png\" class=\"attachment-large size-large wp-image-4674\" alt=\"\" srcset=\"https:\/\/www.armadamobility.nl\/wp-content\/uploads\/2025\/01\/Afbeelding1-kast-beugel.png 589w, https:\/\/www.armadamobility.nl\/wp-content\/uploads\/2025\/01\/Afbeelding1-kast-beugel-300x217.png 300w\" sizes=\"(max-width: 589px) 100vw, 589px\" \/>\t\t\t\t\t\t\t\t\t\t\t\t\t\t\t<\/div>\n\t\t\t\t<\/div>\n\t\t\t\t<\/div>\n\t\t<div class=\"elementor-element elementor-element-9b5274f e-con-full e-flex e-con e-child\" data-id=\"9b5274f\" data-element_type=\"container\" data-e-type=\"container\" data-settings=\"{&quot;jet_parallax_layout_list&quot;:[]}\">\n\t\t\t\t<div class=\"elementor-element elementor-element-66961de elementor-widget elementor-widget-image\" data-id=\"66961de\" data-element_type=\"widget\" data-e-type=\"widget\" data-widget_type=\"image.default\">\n\t\t\t\t<div class=\"elementor-widget-container\">\n\t\t\t\t\t\t\t\t\t\t\t\t\t\t\t<img decoding=\"async\" width=\"800\" height=\"598\" src=\"https:\/\/www.armadamobility.nl\/wp-content\/uploads\/2025\/01\/kasten-groen-groot-1024x766.jpg\" class=\"attachment-large size-large wp-image-4671\" alt=\"\" srcset=\"https:\/\/www.armadamobility.nl\/wp-content\/uploads\/2025\/01\/kasten-groen-groot-1024x766.jpg 1024w, https:\/\/www.armadamobility.nl\/wp-content\/uploads\/2025\/01\/kasten-groen-groot-300x224.jpg 300w, https:\/\/www.armadamobility.nl\/wp-content\/uploads\/2025\/01\/kasten-groen-groot-768x574.jpg 768w, https:\/\/www.armadamobility.nl\/wp-content\/uploads\/2025\/01\/kasten-groen-groot.jpg 1500w\" sizes=\"(max-width: 800px) 100vw, 800px\" \/>\t\t\t\t\t\t\t\t\t\t\t\t\t\t\t<\/div>\n\t\t\t\t<\/div>\n\t\t\t\t<\/div>\n\t\t\t\t<\/div>\n\t\t\t\t\t<\/div>\n\t\t\t\t<\/div>\n\t\t\t\t<\/div>\n\t\t","protected":false},"excerpt":{"rendered":"<p>Armada Mobility produziert seit Jahrzehnten Geh\u00e4use f\u00fcr den Schienenverkehr. Dazu geh\u00f6ren Bahn\u00fcbergangsgeh\u00e4use, Hochspannungsschr\u00e4nke und Relaisk\u00e4sten. Unsere Ingenieure unterst\u00fctzen Sie gerne bei ma\u00dfgeschneiderten L\u00f6sungen, falls besondere Anforderungen bestehen. Zus\u00e4tzlich k\u00f6nnen die Geh\u00e4use mit speziellen Sicherheitsb\u00fcgeln ausgestattet werden, wie auf den Bildern zu sehen ist. M\u00f6chten Sie herausfinden, welches Geh\u00e4use am besten zu Ihrem Projekt passt? Fordern [&hellip;]<\/p>\n","protected":false},"featured_media":4666,"parent":0,"template":"","class_list":["post-4976","product","type-product","status-publish","has-post-thumbnail","hentry"],"yoast_head":"<!-- This site is optimized with the Yoast SEO plugin v27.3 - https:\/\/yoast.com\/product\/yoast-seo-wordpress\/ -->\n<title>Geh\u00e4use | Armada Mobility<\/title>\n<meta name=\"robots\" content=\"index, follow, max-snippet:-1, max-image-preview:large, max-video-preview:-1\" \/>\n<link rel=\"canonical\" href=\"https:\/\/www.armadamobility.nl\/de\/producten\/gehaeuse\/\" \/>\n<meta property=\"og:locale\" content=\"de_DE\" \/>\n<meta property=\"og:type\" content=\"article\" \/>\n<meta property=\"og:title\" content=\"Geh\u00e4use | Armada Mobility\" \/>\n<meta property=\"og:description\" content=\"Armada Mobility produziert seit Jahrzehnten Geh\u00e4use f\u00fcr den Schienenverkehr. Dazu geh\u00f6ren Bahn\u00fcbergangsgeh\u00e4use, Hochspannungsschr\u00e4nke und Relaisk\u00e4sten. Unsere Ingenieure unterst\u00fctzen Sie gerne bei ma\u00dfgeschneiderten L\u00f6sungen, falls besondere Anforderungen bestehen. Zus\u00e4tzlich k\u00f6nnen die Geh\u00e4use mit speziellen Sicherheitsb\u00fcgeln ausgestattet werden, wie auf den Bildern zu sehen ist. M\u00f6chten Sie herausfinden, welches Geh\u00e4use am besten zu Ihrem Projekt passt? Fordern [&hellip;]\" \/>\n<meta property=\"og:url\" content=\"https:\/\/www.armadamobility.nl\/de\/producten\/gehaeuse\/\" \/>\n<meta property=\"og:site_name\" content=\"Armada Mobility\" \/>\n<meta property=\"article:modified_time\" content=\"2025-02-28T14:29:01+00:00\" \/>\n<meta property=\"og:image\" content=\"https:\/\/www.armadamobility.nl\/wp-content\/uploads\/2025\/01\/behuizing.jpg\" \/>\n\t<meta property=\"og:image:width\" content=\"1024\" \/>\n\t<meta property=\"og:image:height\" content=\"681\" \/>\n\t<meta property=\"og:image:type\" content=\"image\/jpeg\" \/>\n<meta name=\"twitter:card\" content=\"summary_large_image\" \/>\n<script type=\"application\/ld+json\" class=\"yoast-schema-graph\">{\"@context\":\"https:\\\/\\\/schema.org\",\"@graph\":[{\"@type\":\"WebPage\",\"@id\":\"https:\\\/\\\/www.armadamobility.nl\\\/de\\\/producten\\\/gehaeuse\\\/\",\"url\":\"https:\\\/\\\/www.armadamobility.nl\\\/de\\\/producten\\\/gehaeuse\\\/\",\"name\":\"Geh\u00e4use | Armada Mobility\",\"isPartOf\":{\"@id\":\"https:\\\/\\\/www.armadamobility.nl\\\/#website\"},\"primaryImageOfPage\":{\"@id\":\"https:\\\/\\\/www.armadamobility.nl\\\/de\\\/producten\\\/gehaeuse\\\/#primaryimage\"},\"image\":{\"@id\":\"https:\\\/\\\/www.armadamobility.nl\\\/de\\\/producten\\\/gehaeuse\\\/#primaryimage\"},\"thumbnailUrl\":\"https:\\\/\\\/www.armadamobility.nl\\\/wp-content\\\/uploads\\\/2025\\\/01\\\/behuizing.jpg\",\"datePublished\":\"2025-01-06T11:20:44+00:00\",\"dateModified\":\"2025-02-28T14:29:01+00:00\",\"breadcrumb\":{\"@id\":\"https:\\\/\\\/www.armadamobility.nl\\\/de\\\/producten\\\/gehaeuse\\\/#breadcrumb\"},\"inLanguage\":\"de\",\"potentialAction\":[{\"@type\":\"ReadAction\",\"target\":[\"https:\\\/\\\/www.armadamobility.nl\\\/de\\\/producten\\\/gehaeuse\\\/\"]}]},{\"@type\":\"ImageObject\",\"inLanguage\":\"de\",\"@id\":\"https:\\\/\\\/www.armadamobility.nl\\\/de\\\/producten\\\/gehaeuse\\\/#primaryimage\",\"url\":\"https:\\\/\\\/www.armadamobility.nl\\\/wp-content\\\/uploads\\\/2025\\\/01\\\/behuizing.jpg\",\"contentUrl\":\"https:\\\/\\\/www.armadamobility.nl\\\/wp-content\\\/uploads\\\/2025\\\/01\\\/behuizing.jpg\",\"width\":1024,\"height\":681},{\"@type\":\"BreadcrumbList\",\"@id\":\"https:\\\/\\\/www.armadamobility.nl\\\/de\\\/producten\\\/gehaeuse\\\/#breadcrumb\",\"itemListElement\":[{\"@type\":\"ListItem\",\"position\":1,\"name\":\"Home\",\"item\":\"https:\\\/\\\/www.armadamobility.nl\\\/\"},{\"@type\":\"ListItem\",\"position\":2,\"name\":\"Producten\",\"item\":\"https:\\\/\\\/www.armadamobility.nl\\\/producten\\\/\"},{\"@type\":\"ListItem\",\"position\":3,\"name\":\"Geh\u00e4use\"}]},{\"@type\":\"WebSite\",\"@id\":\"https:\\\/\\\/www.armadamobility.nl\\\/#website\",\"url\":\"https:\\\/\\\/www.armadamobility.nl\\\/\",\"name\":\"Armada Mobility\",\"description\":\"Openbare voorzieningen &amp; Rail-Infra\",\"publisher\":{\"@id\":\"https:\\\/\\\/www.armadamobility.nl\\\/#organization\"},\"potentialAction\":[{\"@type\":\"SearchAction\",\"target\":{\"@type\":\"EntryPoint\",\"urlTemplate\":\"https:\\\/\\\/www.armadamobility.nl\\\/?s={search_term_string}\"},\"query-input\":{\"@type\":\"PropertyValueSpecification\",\"valueRequired\":true,\"valueName\":\"search_term_string\"}}],\"inLanguage\":\"de\"},{\"@type\":\"Organization\",\"@id\":\"https:\\\/\\\/www.armadamobility.nl\\\/#organization\",\"name\":\"Armada Mobility B.V.\",\"url\":\"https:\\\/\\\/www.armadamobility.nl\\\/\",\"logo\":{\"@type\":\"ImageObject\",\"inLanguage\":\"de\",\"@id\":\"https:\\\/\\\/www.armadamobility.nl\\\/#\\\/schema\\\/logo\\\/image\\\/\",\"url\":\"https:\\\/\\\/www.armadamobility.nl\\\/wp-content\\\/uploads\\\/2024\\\/09\\\/Logo-armada-mobility.svg\",\"contentUrl\":\"https:\\\/\\\/www.armadamobility.nl\\\/wp-content\\\/uploads\\\/2024\\\/09\\\/Logo-armada-mobility.svg\",\"width\":1699.5,\"height\":303.8,\"caption\":\"Armada Mobility B.V.\"},\"image\":{\"@id\":\"https:\\\/\\\/www.armadamobility.nl\\\/#\\\/schema\\\/logo\\\/image\\\/\"}}]}<\/script>\n<!-- \/ Yoast SEO plugin. -->","yoast_head_json":{"title":"Geh\u00e4use | Armada Mobility","robots":{"index":"index","follow":"follow","max-snippet":"max-snippet:-1","max-image-preview":"max-image-preview:large","max-video-preview":"max-video-preview:-1"},"canonical":"https:\/\/www.armadamobility.nl\/de\/producten\/gehaeuse\/","og_locale":"de_DE","og_type":"article","og_title":"Geh\u00e4use | Armada Mobility","og_description":"Armada Mobility produziert seit Jahrzehnten Geh\u00e4use f\u00fcr den Schienenverkehr. Dazu geh\u00f6ren Bahn\u00fcbergangsgeh\u00e4use, Hochspannungsschr\u00e4nke und Relaisk\u00e4sten. Unsere Ingenieure unterst\u00fctzen Sie gerne bei ma\u00dfgeschneiderten L\u00f6sungen, falls besondere Anforderungen bestehen. Zus\u00e4tzlich k\u00f6nnen die Geh\u00e4use mit speziellen Sicherheitsb\u00fcgeln ausgestattet werden, wie auf den Bildern zu sehen ist. M\u00f6chten Sie herausfinden, welches Geh\u00e4use am besten zu Ihrem Projekt passt? Fordern [&hellip;]","og_url":"https:\/\/www.armadamobility.nl\/de\/producten\/gehaeuse\/","og_site_name":"Armada Mobility","article_modified_time":"2025-02-28T14:29:01+00:00","og_image":[{"width":1024,"height":681,"url":"https:\/\/www.armadamobility.nl\/wp-content\/uploads\/2025\/01\/behuizing.jpg","type":"image\/jpeg"}],"twitter_card":"summary_large_image","schema":{"@context":"https:\/\/schema.org","@graph":[{"@type":"WebPage","@id":"https:\/\/www.armadamobility.nl\/de\/producten\/gehaeuse\/","url":"https:\/\/www.armadamobility.nl\/de\/producten\/gehaeuse\/","name":"Geh\u00e4use | Armada Mobility","isPartOf":{"@id":"https:\/\/www.armadamobility.nl\/#website"},"primaryImageOfPage":{"@id":"https:\/\/www.armadamobility.nl\/de\/producten\/gehaeuse\/#primaryimage"},"image":{"@id":"https:\/\/www.armadamobility.nl\/de\/producten\/gehaeuse\/#primaryimage"},"thumbnailUrl":"https:\/\/www.armadamobility.nl\/wp-content\/uploads\/2025\/01\/behuizing.jpg","datePublished":"2025-01-06T11:20:44+00:00","dateModified":"2025-02-28T14:29:01+00:00","breadcrumb":{"@id":"https:\/\/www.armadamobility.nl\/de\/producten\/gehaeuse\/#breadcrumb"},"inLanguage":"de","potentialAction":[{"@type":"ReadAction","target":["https:\/\/www.armadamobility.nl\/de\/producten\/gehaeuse\/"]}]},{"@type":"ImageObject","inLanguage":"de","@id":"https:\/\/www.armadamobility.nl\/de\/producten\/gehaeuse\/#primaryimage","url":"https:\/\/www.armadamobility.nl\/wp-content\/uploads\/2025\/01\/behuizing.jpg","contentUrl":"https:\/\/www.armadamobility.nl\/wp-content\/uploads\/2025\/01\/behuizing.jpg","width":1024,"height":681},{"@type":"BreadcrumbList","@id":"https:\/\/www.armadamobility.nl\/de\/producten\/gehaeuse\/#breadcrumb","itemListElement":[{"@type":"ListItem","position":1,"name":"Home","item":"https:\/\/www.armadamobility.nl\/"},{"@type":"ListItem","position":2,"name":"Producten","item":"https:\/\/www.armadamobility.nl\/producten\/"},{"@type":"ListItem","position":3,"name":"Geh\u00e4use"}]},{"@type":"WebSite","@id":"https:\/\/www.armadamobility.nl\/#website","url":"https:\/\/www.armadamobility.nl\/","name":"Armada Mobility","description":"Openbare voorzieningen &amp; Rail-Infra","publisher":{"@id":"https:\/\/www.armadamobility.nl\/#organization"},"potentialAction":[{"@type":"SearchAction","target":{"@type":"EntryPoint","urlTemplate":"https:\/\/www.armadamobility.nl\/?s={search_term_string}"},"query-input":{"@type":"PropertyValueSpecification","valueRequired":true,"valueName":"search_term_string"}}],"inLanguage":"de"},{"@type":"Organization","@id":"https:\/\/www.armadamobility.nl\/#organization","name":"Armada Mobility B.V.","url":"https:\/\/www.armadamobility.nl\/","logo":{"@type":"ImageObject","inLanguage":"de","@id":"https:\/\/www.armadamobility.nl\/#\/schema\/logo\/image\/","url":"https:\/\/www.armadamobility.nl\/wp-content\/uploads\/2024\/09\/Logo-armada-mobility.svg","contentUrl":"https:\/\/www.armadamobility.nl\/wp-content\/uploads\/2024\/09\/Logo-armada-mobility.svg","width":1699.5,"height":303.8,"caption":"Armada Mobility B.V."},"image":{"@id":"https:\/\/www.armadamobility.nl\/#\/schema\/logo\/image\/"}}]}},"_links":{"self":[{"href":"https:\/\/www.armadamobility.nl\/de\/wp-json\/wp\/v2\/product\/4976","targetHints":{"allow":["GET"]}}],"collection":[{"href":"https:\/\/www.armadamobility.nl\/de\/wp-json\/wp\/v2\/product"}],"about":[{"href":"https:\/\/www.armadamobility.nl\/de\/wp-json\/wp\/v2\/types\/product"}],"version-history":[{"count":1,"href":"https:\/\/www.armadamobility.nl\/de\/wp-json\/wp\/v2\/product\/4976\/revisions"}],"predecessor-version":[{"id":4977,"href":"https:\/\/www.armadamobility.nl\/de\/wp-json\/wp\/v2\/product\/4976\/revisions\/4977"}],"wp:featuredmedia":[{"embeddable":true,"href":"https:\/\/www.armadamobility.nl\/de\/wp-json\/wp\/v2\/media\/4666"}],"wp:attachment":[{"href":"https:\/\/www.armadamobility.nl\/de\/wp-json\/wp\/v2\/media?parent=4976"}],"curies":[{"name":"wp","href":"https:\/\/api.w.org\/{rel}","templated":true}]}}