{"id":5782,"date":"2024-10-02T09:40:27","date_gmt":"2024-10-02T08:40:27","guid":{"rendered":"https:\/\/www.armadamobility.nl\/allgemeine-geschaeftsbedingungen\/"},"modified":"2025-03-10T09:11:44","modified_gmt":"2025-03-10T08:11:44","slug":"allgemeine-geschaeftsbedingungen","status":"publish","type":"page","link":"https:\/\/www.armadamobility.nl\/de\/allgemeine-geschaeftsbedingungen\/","title":{"rendered":"Allgemeine Gesch\u00e4ftsbedingungen"},"content":{"rendered":"\t\t<div data-elementor-type=\"wp-page\" data-elementor-id=\"5782\" class=\"elementor elementor-5782 elementor-684\" data-elementor-post-type=\"page\">\n\t\t\t\t<div class=\"elementor-element elementor-element-8c770aa e-flex e-con-boxed e-con e-parent\" data-id=\"8c770aa\" data-element_type=\"container\" data-e-type=\"container\" data-settings=\"{&quot;background_background&quot;:&quot;classic&quot;,&quot;jet_parallax_layout_list&quot;:[]}\">\n\t\t\t\t\t<div class=\"e-con-inner\">\n\t\t\t\t<div class=\"elementor-element elementor-element-495070c elementor-widget elementor-widget-breadcrumbs\" data-id=\"495070c\" data-element_type=\"widget\" data-e-type=\"widget\" data-widget_type=\"breadcrumbs.default\">\n\t\t\t\t<div class=\"elementor-widget-container\">\n\t\t\t\t\t<p id=\"breadcrumbs\"><span><span><a href=\"https:\/\/www.armadamobility.nl\/\">Home<\/a><\/span><\/span><\/p>\t\t\t\t<\/div>\n\t\t\t\t<\/div>\n\t\t\t\t<div class=\"elementor-element elementor-element-7433b96 elementor-widget elementor-widget-heading\" data-id=\"7433b96\" data-element_type=\"widget\" data-e-type=\"widget\" data-widget_type=\"heading.default\">\n\t\t\t\t<div class=\"elementor-widget-container\">\n\t\t\t\t\t<h1 class=\"elementor-heading-title elementor-size-default\">Allgemeine Gesch\u00e4ftsbedingungen<\/h1>\t\t\t\t<\/div>\n\t\t\t\t<\/div>\n\t\t\t\t\t<\/div>\n\t\t\t\t<\/div>\n\t\t<div class=\"elementor-element elementor-element-0eea5eb e-flex e-con-boxed e-con e-parent\" data-id=\"0eea5eb\" data-element_type=\"container\" data-e-type=\"container\" data-settings=\"{&quot;background_background&quot;:&quot;classic&quot;,&quot;jet_parallax_layout_list&quot;:[]}\">\n\t\t\t\t\t<div class=\"e-con-inner\">\n\t\t<div class=\"elementor-element elementor-element-f106c1e e-con-full e-flex e-con e-child\" data-id=\"f106c1e\" data-element_type=\"container\" data-e-type=\"container\" data-settings=\"{&quot;jet_parallax_layout_list&quot;:[]}\">\n\t\t<div class=\"elementor-element elementor-element-5097fde e-con-full e-flex e-con e-child\" data-id=\"5097fde\" data-element_type=\"container\" data-e-type=\"container\" data-settings=\"{&quot;background_background&quot;:&quot;classic&quot;,&quot;jet_parallax_layout_list&quot;:[]}\">\n\t\t\t\t<div class=\"elementor-element elementor-element-5e2b796 elementor-widget elementor-widget-text-editor\" data-id=\"5e2b796\" data-element_type=\"widget\" data-e-type=\"widget\" data-widget_type=\"text-editor.default\">\n\t\t\t\t<div class=\"elementor-widget-container\">\n\t\t\t\t\t\t\t\t\t<p data-start=\"147\" data-end=\"260\">F\u00fcr unsere Dienstleistungen und Lieferungen gelten die folgenden Allgemeinen Gesch\u00e4ftsbedingungen:<\/p>\n<ul data-start=\"262\" data-end=\"338\">\n<li data-start=\"262\" data-end=\"307\">ALIB 2007 Allgemeine Einkaufsbedingungen<\/li>\n<li data-start=\"308\" data-end=\"338\">Metaalunievoorwaarden<\/li>\n<\/ul>\n<p data-start=\"340\" data-end=\"403\">Klicken Sie <a href=\"https:\/\/www.armadamobility.nl\/de\/kontakt\/\">HIER<\/a>, um die Bedingungen anzufordern.<\/p>\n<h2 id=\"art:wat-zijn-algemene-voorwaarden\" class=\"_17qzk7o5 _17qzk7o4\" tabindex=\"-1\"> <\/h2>\n\t\t\t\t\t\t\t\t<\/div>\n\t\t\t\t<\/div>\n\t\t\t\t<\/div>\n\t\t\t\t<\/div>\n\t\t\t\t\t<\/div>\n\t\t\t\t<\/div>\n\t\t\t\t<\/div>\n\t\t","protected":false},"excerpt":{"rendered":"<p>Allgemeine Gesch\u00e4ftsbedingungen F\u00fcr unsere Dienstleistungen und Lieferungen gelten die folgenden Allgemeinen Gesch\u00e4ftsbedingungen: ALIB 2007 Allgemeine Einkaufsbedingungen Metaalunievoorwaarden Klicken Sie HIER, um die Bedingungen anzufordern.<\/p>\n","protected":false},"author":1,"featured_media":0,"parent":0,"menu_order":0,"comment_status":"closed","ping_status":"closed","template":"","meta":{"footnotes":""},"class_list":["post-5782","page","type-page","status-publish","hentry"],"yoast_head":"<!-- This site is optimized with the Yoast SEO plugin v27.3 - https:\/\/yoast.com\/product\/yoast-seo-wordpress\/ -->\n<title>Allgemeine Gesch\u00e4ftsbedingungen | Armada Mobility<\/title>\n<meta name=\"robots\" content=\"index, follow, max-snippet:-1, max-image-preview:large, max-video-preview:-1\" \/>\n<link rel=\"canonical\" href=\"https:\/\/www.armadamobility.nl\/de\/allgemeine-geschaeftsbedingungen\/\" \/>\n<meta property=\"og:locale\" content=\"de_DE\" \/>\n<meta property=\"og:type\" content=\"article\" \/>\n<meta property=\"og:title\" content=\"Allgemeine Gesch\u00e4ftsbedingungen | Armada Mobility\" \/>\n<meta property=\"og:description\" content=\"Allgemeine Gesch\u00e4ftsbedingungen F\u00fcr unsere Dienstleistungen und Lieferungen gelten die folgenden Allgemeinen Gesch\u00e4ftsbedingungen: ALIB 2007 Allgemeine Einkaufsbedingungen Metaalunievoorwaarden Klicken Sie HIER, um die Bedingungen anzufordern.\" \/>\n<meta property=\"og:url\" content=\"https:\/\/www.armadamobility.nl\/de\/allgemeine-geschaeftsbedingungen\/\" \/>\n<meta property=\"og:site_name\" content=\"Armada Mobility\" \/>\n<meta property=\"article:modified_time\" content=\"2025-03-10T08:11:44+00:00\" \/>\n<meta name=\"twitter:card\" content=\"summary_large_image\" \/>\n<script type=\"application\/ld+json\" class=\"yoast-schema-graph\">{\"@context\":\"https:\\\/\\\/schema.org\",\"@graph\":[{\"@type\":\"WebPage\",\"@id\":\"https:\\\/\\\/www.armadamobility.nl\\\/de\\\/allgemeine-geschaeftsbedingungen\\\/\",\"url\":\"https:\\\/\\\/www.armadamobility.nl\\\/de\\\/allgemeine-geschaeftsbedingungen\\\/\",\"name\":\"Allgemeine Gesch\u00e4ftsbedingungen | Armada Mobility\",\"isPartOf\":{\"@id\":\"https:\\\/\\\/www.armadamobility.nl\\\/#website\"},\"datePublished\":\"2024-10-02T08:40:27+00:00\",\"dateModified\":\"2025-03-10T08:11:44+00:00\",\"breadcrumb\":{\"@id\":\"https:\\\/\\\/www.armadamobility.nl\\\/de\\\/allgemeine-geschaeftsbedingungen\\\/#breadcrumb\"},\"inLanguage\":\"de\",\"potentialAction\":[{\"@type\":\"ReadAction\",\"target\":[\"https:\\\/\\\/www.armadamobility.nl\\\/de\\\/allgemeine-geschaeftsbedingungen\\\/\"]}]},{\"@type\":\"BreadcrumbList\",\"@id\":\"https:\\\/\\\/www.armadamobility.nl\\\/de\\\/allgemeine-geschaeftsbedingungen\\\/#breadcrumb\",\"itemListElement\":[{\"@type\":\"ListItem\",\"position\":1,\"name\":\"Home\",\"item\":\"https:\\\/\\\/www.armadamobility.nl\\\/\"},{\"@type\":\"ListItem\",\"position\":2,\"name\":\"Allgemeine Gesch\u00e4ftsbedingungen\"}]},{\"@type\":\"WebSite\",\"@id\":\"https:\\\/\\\/www.armadamobility.nl\\\/#website\",\"url\":\"https:\\\/\\\/www.armadamobility.nl\\\/\",\"name\":\"Armada Mobility\",\"description\":\"Openbare voorzieningen &amp; Rail-Infra\",\"publisher\":{\"@id\":\"https:\\\/\\\/www.armadamobility.nl\\\/#organization\"},\"potentialAction\":[{\"@type\":\"SearchAction\",\"target\":{\"@type\":\"EntryPoint\",\"urlTemplate\":\"https:\\\/\\\/www.armadamobility.nl\\\/?s={search_term_string}\"},\"query-input\":{\"@type\":\"PropertyValueSpecification\",\"valueRequired\":true,\"valueName\":\"search_term_string\"}}],\"inLanguage\":\"de\"},{\"@type\":\"Organization\",\"@id\":\"https:\\\/\\\/www.armadamobility.nl\\\/#organization\",\"name\":\"Armada Mobility B.V.\",\"url\":\"https:\\\/\\\/www.armadamobility.nl\\\/\",\"logo\":{\"@type\":\"ImageObject\",\"inLanguage\":\"de\",\"@id\":\"https:\\\/\\\/www.armadamobility.nl\\\/#\\\/schema\\\/logo\\\/image\\\/\",\"url\":\"https:\\\/\\\/www.armadamobility.nl\\\/wp-content\\\/uploads\\\/2024\\\/09\\\/Logo-armada-mobility.svg\",\"contentUrl\":\"https:\\\/\\\/www.armadamobility.nl\\\/wp-content\\\/uploads\\\/2024\\\/09\\\/Logo-armada-mobility.svg\",\"width\":1699.5,\"height\":303.8,\"caption\":\"Armada Mobility B.V.\"},\"image\":{\"@id\":\"https:\\\/\\\/www.armadamobility.nl\\\/#\\\/schema\\\/logo\\\/image\\\/\"}}]}<\/script>\n<!-- \/ Yoast SEO plugin. -->","yoast_head_json":{"title":"Allgemeine Gesch\u00e4ftsbedingungen | Armada Mobility","robots":{"index":"index","follow":"follow","max-snippet":"max-snippet:-1","max-image-preview":"max-image-preview:large","max-video-preview":"max-video-preview:-1"},"canonical":"https:\/\/www.armadamobility.nl\/de\/allgemeine-geschaeftsbedingungen\/","og_locale":"de_DE","og_type":"article","og_title":"Allgemeine Gesch\u00e4ftsbedingungen | Armada Mobility","og_description":"Allgemeine Gesch\u00e4ftsbedingungen F\u00fcr unsere Dienstleistungen und Lieferungen gelten die folgenden Allgemeinen Gesch\u00e4ftsbedingungen: ALIB 2007 Allgemeine Einkaufsbedingungen Metaalunievoorwaarden Klicken Sie HIER, um die Bedingungen anzufordern.","og_url":"https:\/\/www.armadamobility.nl\/de\/allgemeine-geschaeftsbedingungen\/","og_site_name":"Armada Mobility","article_modified_time":"2025-03-10T08:11:44+00:00","twitter_card":"summary_large_image","schema":{"@context":"https:\/\/schema.org","@graph":[{"@type":"WebPage","@id":"https:\/\/www.armadamobility.nl\/de\/allgemeine-geschaeftsbedingungen\/","url":"https:\/\/www.armadamobility.nl\/de\/allgemeine-geschaeftsbedingungen\/","name":"Allgemeine Gesch\u00e4ftsbedingungen | Armada Mobility","isPartOf":{"@id":"https:\/\/www.armadamobility.nl\/#website"},"datePublished":"2024-10-02T08:40:27+00:00","dateModified":"2025-03-10T08:11:44+00:00","breadcrumb":{"@id":"https:\/\/www.armadamobility.nl\/de\/allgemeine-geschaeftsbedingungen\/#breadcrumb"},"inLanguage":"de","potentialAction":[{"@type":"ReadAction","target":["https:\/\/www.armadamobility.nl\/de\/allgemeine-geschaeftsbedingungen\/"]}]},{"@type":"BreadcrumbList","@id":"https:\/\/www.armadamobility.nl\/de\/allgemeine-geschaeftsbedingungen\/#breadcrumb","itemListElement":[{"@type":"ListItem","position":1,"name":"Home","item":"https:\/\/www.armadamobility.nl\/"},{"@type":"ListItem","position":2,"name":"Allgemeine Gesch\u00e4ftsbedingungen"}]},{"@type":"WebSite","@id":"https:\/\/www.armadamobility.nl\/#website","url":"https:\/\/www.armadamobility.nl\/","name":"Armada Mobility","description":"Openbare voorzieningen &amp; Rail-Infra","publisher":{"@id":"https:\/\/www.armadamobility.nl\/#organization"},"potentialAction":[{"@type":"SearchAction","target":{"@type":"EntryPoint","urlTemplate":"https:\/\/www.armadamobility.nl\/?s={search_term_string}"},"query-input":{"@type":"PropertyValueSpecification","valueRequired":true,"valueName":"search_term_string"}}],"inLanguage":"de"},{"@type":"Organization","@id":"https:\/\/www.armadamobility.nl\/#organization","name":"Armada Mobility B.V.","url":"https:\/\/www.armadamobility.nl\/","logo":{"@type":"ImageObject","inLanguage":"de","@id":"https:\/\/www.armadamobility.nl\/#\/schema\/logo\/image\/","url":"https:\/\/www.armadamobility.nl\/wp-content\/uploads\/2024\/09\/Logo-armada-mobility.svg","contentUrl":"https:\/\/www.armadamobility.nl\/wp-content\/uploads\/2024\/09\/Logo-armada-mobility.svg","width":1699.5,"height":303.8,"caption":"Armada Mobility B.V."},"image":{"@id":"https:\/\/www.armadamobility.nl\/#\/schema\/logo\/image\/"}}]}},"_links":{"self":[{"href":"https:\/\/www.armadamobility.nl\/de\/wp-json\/wp\/v2\/pages\/5782","targetHints":{"allow":["GET"]}}],"collection":[{"href":"https:\/\/www.armadamobility.nl\/de\/wp-json\/wp\/v2\/pages"}],"about":[{"href":"https:\/\/www.armadamobility.nl\/de\/wp-json\/wp\/v2\/types\/page"}],"author":[{"embeddable":true,"href":"https:\/\/www.armadamobility.nl\/de\/wp-json\/wp\/v2\/users\/1"}],"replies":[{"embeddable":true,"href":"https:\/\/www.armadamobility.nl\/de\/wp-json\/wp\/v2\/comments?post=5782"}],"version-history":[{"count":3,"href":"https:\/\/www.armadamobility.nl\/de\/wp-json\/wp\/v2\/pages\/5782\/revisions"}],"predecessor-version":[{"id":5786,"href":"https:\/\/www.armadamobility.nl\/de\/wp-json\/wp\/v2\/pages\/5782\/revisions\/5786"}],"wp:attachment":[{"href":"https:\/\/www.armadamobility.nl\/de\/wp-json\/wp\/v2\/media?parent=5782"}],"curies":[{"name":"wp","href":"https:\/\/api.w.org\/{rel}","templated":true}]}}